{"id":3657,"date":"2021-09-21T22:16:11","date_gmt":"2021-09-21T22:16:11","guid":{"rendered":"https:\/\/sanatoriolosreyes.mx\/?page_id=3657"},"modified":"2021-10-01T23:54:50","modified_gmt":"2021-10-01T23:54:50","slug":"comunidad-3","status":"publish","type":"page","link":"https:\/\/sanatoriolosreyes.mx\/index.php\/comunidad-3\/","title":{"rendered":"SALUD"},"content":{"rendered":"<div id=\"pl-3657\"  class=\"panel-layout\" ><div id=\"pg-3657-0\"  class=\"panel-grid panel-has-style\" ><div class=\"divider-no-animation panel-row-style panel-row-style-for-3657-0\" ><div id=\"pgc-3657-0-0\"  class=\"panel-grid-cell\" ><div id=\"panel-3657-0-0-0\" class=\"so-panel widget widget_orion_empty_space_w panel-first-child\" data-index=\"0\" ><div class=\"orion custom default panel-widget-style panel-widget-style-for-3657-0-0-0\" ><div class=\"so-widget-orion_empty_space_w so-widget-orion_empty_space_w-base\">\t<div class=\"row empty-space  visible-lg visible-md visible-sm visible-xs\" style=\"height:24px;\">\n\t<\/div><\/div><\/div><\/div><div id=\"panel-3657-0-0-1\" class=\"so-panel widget widget_orion_heading_w\" data-index=\"1\" ><div class=\"orion custom default panel-widget-style panel-widget-style-for-3657-0-0-1\" ><div class=\"so-widget-orion_heading_w so-widget-orion_heading_w-base\"> \n\t\t\t<div class=\"row orion-heading\" style=\"margin-bottom:0px;\">\n\t\t<div class=\"col-md-12   text-center style-h2 style-text-default\">\n\t\t\t<h2 class=\"text-default text-bold\">\n\t\t\t\tVAC\u00daNATE POR TI, VAC\u00daNATE POR TODOS.\t\t\t<\/h2>\n\t\t<\/div>\n\t<\/div>\n\n\t<\/div><\/div><\/div><div id=\"panel-3657-0-0-2\" class=\"so-panel widget widget_orion_empty_space_w\" data-index=\"2\" ><div class=\"orion custom default panel-widget-style panel-widget-style-for-3657-0-0-2\" ><div class=\"so-widget-orion_empty_space_w so-widget-orion_empty_space_w-base\">\t<div class=\"row empty-space  visible-lg visible-md visible-sm visible-xs\" style=\"height:24px;\">\n\t<\/div><\/div><\/div><\/div><div id=\"panel-3657-0-0-3\" class=\"so-panel widget widget_orion_heading_w\" data-index=\"3\" ><div class=\"orion custom default panel-widget-style panel-widget-style-for-3657-0-0-3\" ><div class=\"so-widget-orion_heading_w so-widget-orion_heading_w-base\"> \n\t\t\t<div class=\"row orion-heading\" style=\"margin-bottom:0px;\">\n\t\t<div class=\"col-md-12   text-left style-h2 style-text-default\">\n\t\t\t<h2 class=\"text-default\">\n\t\t\t\t\u00bfQu\u00e9 tipos de vacuna existen y para qu\u00e9 sirven?\t\t\t<\/h2>\n\t\t<\/div>\n\t<\/div>\n\n\t<\/div><\/div><\/div><div id=\"panel-3657-0-0-4\" class=\"so-panel widget widget_text\" data-index=\"4\" ><div class=\"orion custom default panel-widget-style panel-widget-style-for-3657-0-0-4\" >\t\t\t<div class=\"textwidget\"><p><strong><span style=\"vertical-align: inherit;\"><span style=\"vertical-align: inherit;\"><span style=\"vertical-align: inherit;\"><span style=\"vertical-align: inherit;\">Existen diferentes tipos de vacunas, est\u00e1n dise\u00f1ados para preparar un sistema inmunol\u00f3gico a combatir enfermedades. <\/span><\/span><\/span><span style=\"vertical-align: inherit;\"><span style=\"vertical-align: inherit;\"><span style=\"vertical-align: inherit;\">Se est\u00e1n desarrollando diversos tipos de posibles vacunas contra la COVID-19, entre ellas:<\/span><\/span><\/span><\/span><\/strong><\/p>\n<p><strong><span style=\"vertical-align: inherit;\"><span style=\"vertical-align: inherit;\"><span style=\"vertical-align: inherit;\"><span style=\"vertical-align: inherit;\">Vacunas con virus inactivados o atenuados: utilizan un virus previamente inactivado o atenuado, de modo que no provoca la enfermedad, pero a\u00fan as\u00ed genera una respuesta inmunitaria.<\/span><\/span><\/span><\/span><\/strong><\/p>\n<p><strong><span style=\"vertical-align: inherit;\"><span style=\"vertical-align: inherit;\"><span style=\"vertical-align: inherit;\"><span style=\"vertical-align: inherit;\">Vacunas basadas en prote\u00ednas: utilizan fragmentos inocuos de prote\u00ednas o estructuras proteicas que imitan el virus causante de la COVID-19, con el fin de generar una respuesta inmunitaria.<\/span><\/span><\/span><\/span><\/strong><\/p>\n<p><strong><span style=\"vertical-align: inherit;\"><span style=\"vertical-align: inherit;\"><span style=\"vertical-align: inherit;\"><span style=\"vertical-align: inherit;\">Vacunas con vectores virales: utilizan un virus gen\u00e9ticamente modificado que no puede provocar la enfermedad, pero s\u00ed puede producir prote\u00ednas de coronavirus para generar una respuesta inmunitaria segura.<\/span><\/span><\/span><\/span><\/strong><\/p>\n<p><strong><span style=\"vertical-align: inherit;\"><span style=\"vertical-align: inherit;\"><span style=\"vertical-align: inherit;\"><span style=\"vertical-align: inherit;\">Vacunas con ARN y ADN: un enfoque pionero que utiliza ARN o ADN gen\u00e9ticamente modificados para generar una prote\u00edna que por s\u00ed sola desencadena una respuesta inmunitaria.<\/span><\/span><\/span><\/span><\/strong><\/p>\n<\/div>\n\t\t<\/div><\/div><div id=\"panel-3657-0-0-5\" class=\"so-panel widget widget_orion_empty_space_w panel-last-child\" data-index=\"5\" ><div class=\"orion custom default panel-widget-style panel-widget-style-for-3657-0-0-5\" ><div class=\"so-widget-orion_empty_space_w so-widget-orion_empty_space_w-base\">\t<div class=\"row empty-space  visible-lg visible-md visible-sm visible-xs\" style=\"height:24px;\">\n\t<\/div><\/div><\/div><\/div><\/div><\/div><\/div><div id=\"pg-3657-1\"  class=\"panel-grid panel-has-style\" ><div class=\"divider-no-animation tablet-default mobile-default desktop-default custom panel-row-style panel-row-style-for-3657-1\" ><div id=\"pgc-3657-1-0\"  class=\"panel-grid-cell\" ><div id=\"panel-3657-1-0-0\" class=\"so-panel widget widget_orion_image_w panel-first-child\" data-index=\"6\" ><div class=\"orion custom default panel-widget-style panel-widget-style-for-3657-1-0-0\" ><div class=\"so-widget-orion_image_w so-widget-orion_image_w-base\">\n<div class=\"image-w relative\">\n\n\t\t\t\t\t\t\t<div class=\"orion_carousel overlay-none overlay-hover-none\">\n\t\t\n\t\t\t\t\t<img loading=\"lazy\" decoding=\"async\" width=\"750\" height=\"500\" src=\"https:\/\/sanatoriolosreyes.mx\/wp-content\/uploads\/2021\/10\/vacunate-img-750x500.png\" class=\"attachment-orion_carousel size-orion_carousel\" alt=\"\" \/>\t\t\t<div class=\"overlay\"><\/div>\n\t\t\n\t\t\t\t\t<\/div>\n\t\t\t\n\t\n\t<div class=\"absolute\">\n\t\t<div class=\"hover-desc table-wrap\">\n\t\t\t<div class=\"cell-wrap\">\n\t\t\t\t<h4 class=\"text-light\"><\/h4>\n\t\t\t<\/div>\n\t\t<\/div>\n\t<\/div>\t\t\t\t\t\n<\/div>\n\n<\/div><\/div><\/div><div id=\"panel-3657-1-0-1\" class=\"so-panel widget widget_orion_empty_space_w panel-last-child\" data-index=\"7\" ><div class=\"orion custom default panel-widget-style panel-widget-style-for-3657-1-0-1\" ><div class=\"so-widget-orion_empty_space_w so-widget-orion_empty_space_w-base\">\t<div class=\"row empty-space  visible-lg visible-md visible-sm visible-xs\" style=\"height:24px;\">\n\t<\/div><\/div><\/div><\/div><\/div><div id=\"pgc-3657-1-1\"  class=\"panel-grid-cell\" ><div id=\"panel-3657-1-1-0\" class=\"so-panel widget widget_orion_icon_text_w panel-first-child\" data-index=\"8\" ><div class=\"orion custom default panel-widget-style panel-widget-style-for-3657-1-1-0\" ><div class=\"so-widget-orion_icon_text_w so-widget-orion_icon_text_w-base\">\n<div class=\"row icon-box-items-wrap grid short\">\n \n\t\n\t\t\n\t\t\n\t\t\t\t\n\t\t\n\t\t<div class=\"icon-box-wrap clearfix col-lg-12 col-sm-12 text-dark\" style=\"margin-bottom:36px;\">\t\t\n\n\t\t\t<h4 class=\"item-title h6\">\u00bfPor qu\u00e9 se recomienda la vacuna?<\/h4>\t\t\t\t\t\t\t<div class=\"icon-wrap absolute square\">\n\t\t\t\t\t\t\t\t\t\t\t\t\t\t<\/div>\n\t\t\t\n\t\t\t\t\t\t\n\n\t\t\t\t\t\t<span class=\"description\">La vacunaci\u00f3n es una forma sencilla, inocua y eficaz de protegernos contra enfermedades da\u00f1inas antes de entrar en contacto con ellas. Las vacunas activan las defensas naturales del organismo para que aprendan a resistir a infecciones espec\u00edficas, y fortalecen el sistema inmunitario.<\/span>\n\t\t\t\n\t\t<\/div>\n\t\n\t\t\n\t\t\n\t\t\t\t\n\t\t\n\t\t<div class=\"icon-box-wrap clearfix col-lg-12 col-sm-12 text-dark\" style=\"margin-bottom:36px;\">\t\t\n\n\t\t\t<h4 class=\"item-title h6\">Vacunas disponibles para M\u00e9xico<\/h4>\t\t\t\t\t\t\t<div class=\"icon-wrap absolute square\">\n\t\t\t\t\t\t\t\t\t\t\t\t\t\t<\/div>\n\t\t\t\n\t\t\t\t\t\t\n\n\t\t\t\t\t\t<span class=\"description\">M\u00e9xico tiene convenios con las farmac\u00e9uticas:\nPfizer-BioNTech, Cansino, COVAX, AstraZeneca, Sputnik V y Sinovac.<\/span>\n\t\t\t\n\t\t<\/div>\n\t\n<\/div><\/div><\/div><\/div><div id=\"panel-3657-1-1-1\" class=\"so-panel widget widget_orion_empty_space_w panel-last-child\" data-index=\"9\" ><div class=\"orion custom default panel-widget-style panel-widget-style-for-3657-1-1-1\" ><div class=\"so-widget-orion_empty_space_w so-widget-orion_empty_space_w-base\">\t<div class=\"row empty-space  visible-lg visible-md visible-sm visible-xs\" style=\"height:24px;\">\n\t<\/div><\/div><\/div><\/div><\/div><\/div><\/div><div id=\"pg-3657-2\"  class=\"panel-grid panel-has-style\" ><div class=\"divider-no-animation tablet-default mobile-default desktop-default custom panel-row-style panel-row-style-for-3657-2\" ><div id=\"pgc-3657-2-0\"  class=\"panel-grid-cell\" ><div id=\"panel-3657-2-0-0\" class=\"so-panel widget widget_orion_heading_w panel-first-child\" data-index=\"10\" ><div class=\"orion custom default panel-widget-style panel-widget-style-for-3657-2-0-0\" ><div class=\"so-widget-orion_heading_w so-widget-orion_heading_w-base\"> \n\t\t\t<div class=\"row orion-heading\" style=\"margin-bottom:0px;\">\n\t\t<div class=\"col-md-12   text-left style-h2 style-text-default\">\n\t\t\t<h2 class=\"text-default\">\n\t\t\t\t \u00bfC\u00f3mo funcionan las vacunas?\t\t\t<\/h2>\n\t\t<\/div>\n\t<\/div>\n\n\t<\/div><\/div><\/div><div id=\"panel-3657-2-0-1\" class=\"so-panel widget widget_orion_responsive_video_w\" data-index=\"11\" ><div class=\"orion custom default panel-widget-style panel-widget-style-for-3657-2-0-1\" ><div class=\"so-widget-orion_responsive_video_w so-widget-orion_responsive_video_w-base\">\t\t\t\t\t\t<div class=\"video embed-responsive embed-responsive-16by9\">\n\t\t\t\t<iframe loading=\"lazy\" title=\"\u00bfC\u00f3mo funcionan las vacunas? - lengua de se\u00f1as\" width=\"1140\" height=\"641\" src=\"https:\/\/www.youtube.com\/embed\/FyEdwgCxTMI?feature=oembed\" frameborder=\"0\" allow=\"accelerometer; autoplay; clipboard-write; encrypted-media; gyroscope; picture-in-picture; web-share\" referrerpolicy=\"strict-origin-when-cross-origin\" allowfullscreen><\/iframe>\t\t\t<\/div>\n\t\t\t<\/div><\/div><\/div><div id=\"panel-3657-2-0-2\" class=\"so-panel widget widget_orion_empty_space_w panel-last-child\" data-index=\"12\" ><div class=\"orion custom default panel-widget-style panel-widget-style-for-3657-2-0-2\" ><div class=\"so-widget-orion_empty_space_w so-widget-orion_empty_space_w-base\">\t<div class=\"row empty-space  visible-lg visible-md visible-sm visible-xs\" style=\"height:24px;\">\n\t<\/div><\/div><\/div><\/div><\/div><\/div><\/div><div id=\"pg-3657-3\"  class=\"panel-grid panel-has-style\" ><div class=\"divider-no-animation tablet-default mobile-default desktop-default custom panel-row-style panel-row-style-for-3657-3\" ><div id=\"pgc-3657-3-0\"  class=\"panel-grid-cell\" ><div id=\"panel-3657-3-0-0\" class=\"so-panel widget widget_media_image panel-first-child\" data-index=\"13\" ><div class=\"orion custom default panel-widget-style panel-widget-style-for-3657-3-0-0\" ><img loading=\"lazy\" decoding=\"async\" width=\"1287\" height=\"723\" src=\"https:\/\/sanatoriolosreyes.mx\/wp-content\/uploads\/2021\/10\/vacunate30.png\" class=\"image wp-image-3733  attachment-full size-full\" alt=\"\" style=\"max-width: 100%; height: auto;\" srcset=\"https:\/\/sanatoriolosreyes.mx\/wp-content\/uploads\/2021\/10\/vacunate30.png 1287w, https:\/\/sanatoriolosreyes.mx\/wp-content\/uploads\/2021\/10\/vacunate30-300x169.png 300w, https:\/\/sanatoriolosreyes.mx\/wp-content\/uploads\/2021\/10\/vacunate30-1024x575.png 1024w, https:\/\/sanatoriolosreyes.mx\/wp-content\/uploads\/2021\/10\/vacunate30-768x431.png 768w, https:\/\/sanatoriolosreyes.mx\/wp-content\/uploads\/2021\/10\/vacunate30-1140x640.png 1140w, https:\/\/sanatoriolosreyes.mx\/wp-content\/uploads\/2021\/10\/vacunate30-750x421.png 750w\" sizes=\"auto, (max-width: 1287px) 100vw, 1287px\" \/><\/div><\/div><div id=\"panel-3657-3-0-1\" class=\"so-panel widget widget_orion_empty_space_w\" data-index=\"14\" ><div class=\"orion custom default panel-widget-style panel-widget-style-for-3657-3-0-1\" ><div class=\"so-widget-orion_empty_space_w so-widget-orion_empty_space_w-base\">\t<div class=\"row empty-space  visible-lg visible-md visible-sm visible-xs\" style=\"height:24px;\">\n\t<\/div><\/div><\/div><\/div><div id=\"panel-3657-3-0-2\" class=\"so-panel widget widget_media_image\" data-index=\"15\" ><div class=\"orion custom default panel-widget-style panel-widget-style-for-3657-3-0-2\" ><img loading=\"lazy\" decoding=\"async\" width=\"1324\" height=\"745\" src=\"https:\/\/sanatoriolosreyes.mx\/wp-content\/uploads\/2021\/10\/vacunate10.jpg\" class=\"image wp-image-3730  attachment-full size-full\" alt=\"\" style=\"max-width: 100%; height: auto;\" srcset=\"https:\/\/sanatoriolosreyes.mx\/wp-content\/uploads\/2021\/10\/vacunate10.jpg 1324w, https:\/\/sanatoriolosreyes.mx\/wp-content\/uploads\/2021\/10\/vacunate10-300x169.jpg 300w, https:\/\/sanatoriolosreyes.mx\/wp-content\/uploads\/2021\/10\/vacunate10-1024x576.jpg 1024w, https:\/\/sanatoriolosreyes.mx\/wp-content\/uploads\/2021\/10\/vacunate10-768x432.jpg 768w, https:\/\/sanatoriolosreyes.mx\/wp-content\/uploads\/2021\/10\/vacunate10-1140x640.jpg 1140w, https:\/\/sanatoriolosreyes.mx\/wp-content\/uploads\/2021\/10\/vacunate10-750x422.jpg 750w\" sizes=\"auto, (max-width: 1324px) 100vw, 1324px\" \/><\/div><\/div><div id=\"panel-3657-3-0-3\" class=\"so-panel widget widget_orion_empty_space_w panel-last-child\" data-index=\"16\" ><div class=\"orion custom default panel-widget-style panel-widget-style-for-3657-3-0-3\" ><div class=\"so-widget-orion_empty_space_w so-widget-orion_empty_space_w-base\">\t<div class=\"row empty-space  visible-lg visible-md visible-sm visible-xs\" style=\"height:24px;\">\n\t<\/div><\/div><\/div><\/div><\/div><\/div><\/div><\/div>","protected":false},"excerpt":{"rendered":"<p>Existen diferentes tipos de vacunas, est\u00e1n dise\u00f1ados para preparar un sistema inmunol\u00f3gico a combatir enfermedades. Se est\u00e1n desarrollando diversos tipos de posibles vacunas contra la COVID-19, entre ellas: Vacunas con virus inactivados o atenuados: utilizan un virus previamente inactivado o atenuado, de modo que no provoca la enfermedad, pero a\u00fan as\u00ed genera una respuesta inmunitaria.<\/p>\n","protected":false},"author":2,"featured_media":0,"parent":0,"menu_order":0,"comment_status":"closed","ping_status":"closed","template":"","meta":{"footnotes":""},"class_list":["post-3657","page","type-page","status-publish","hentry"],"_links":{"self":[{"href":"https:\/\/sanatoriolosreyes.mx\/index.php\/wp-json\/wp\/v2\/pages\/3657","targetHints":{"allow":["GET"]}}],"collection":[{"href":"https:\/\/sanatoriolosreyes.mx\/index.php\/wp-json\/wp\/v2\/pages"}],"about":[{"href":"https:\/\/sanatoriolosreyes.mx\/index.php\/wp-json\/wp\/v2\/types\/page"}],"author":[{"embeddable":true,"href":"https:\/\/sanatoriolosreyes.mx\/index.php\/wp-json\/wp\/v2\/users\/2"}],"replies":[{"embeddable":true,"href":"https:\/\/sanatoriolosreyes.mx\/index.php\/wp-json\/wp\/v2\/comments?post=3657"}],"version-history":[{"count":74,"href":"https:\/\/sanatoriolosreyes.mx\/index.php\/wp-json\/wp\/v2\/pages\/3657\/revisions"}],"predecessor-version":[{"id":3739,"href":"https:\/\/sanatoriolosreyes.mx\/index.php\/wp-json\/wp\/v2\/pages\/3657\/revisions\/3739"}],"wp:attachment":[{"href":"https:\/\/sanatoriolosreyes.mx\/index.php\/wp-json\/wp\/v2\/media?parent=3657"}],"curies":[{"name":"wp","href":"https:\/\/api.w.org\/{rel}","templated":true}]}}