{"id":3366,"date":"2021-09-10T15:24:27","date_gmt":"2021-09-10T15:24:27","guid":{"rendered":"https:\/\/sanatoriolosreyes.mx\/?page_id=3366"},"modified":"2021-09-21T00:03:14","modified_gmt":"2021-09-21T00:03:14","slug":"cesareas","status":"publish","type":"page","link":"https:\/\/sanatoriolosreyes.mx\/index.php\/services\/cesareas\/","title":{"rendered":"Ces\u00e1reas"},"content":{"rendered":"<div id=\"pl-3366\"  class=\"panel-layout\" ><div id=\"pg-3366-0\"  class=\"panel-grid panel-has-style\" ><div class=\"divider-no-animation tablet-1-in-row mobile-1-in-row desktop-default custom panel-row-style panel-row-style-for-3366-0\" ><div id=\"pgc-3366-0-0\"  class=\"panel-grid-cell\" ><div id=\"panel-3366-0-0-0\" class=\"so-panel widget widget_orion_heading_w panel-first-child\" data-index=\"0\" ><div class=\"orion custom mobile-text-center tablets-text-center default panel-widget-style panel-widget-style-for-3366-0-0-0\" ><div class=\"so-widget-orion_heading_w so-widget-orion_heading_w-base\"> \n\t\t\t<div class=\"row orion-heading\" style=\"margin-bottom:0px;\">\n\t\t<div class=\"col-md-12  separator-style-1 text-left style-h6 style-primary-color\">\n\t\t\t<h6 class=\"primary-color\">\n\t\t\t\tM\u00e9dicos Especialistas en Ces\u00e1reas\t\t\t<\/h6>\n\t\t<\/div>\n\t<\/div>\n\n\t<\/div><\/div><\/div><div id=\"panel-3366-0-0-1\" class=\"so-panel widget widget_orion_heading_w\" data-index=\"1\" ><div class=\"orion custom mobile-text-center tablets-text-center default panel-widget-style panel-widget-style-for-3366-0-0-1\" ><div class=\"so-widget-orion_heading_w so-widget-orion_heading_w-base\"> \n\t\t\t<div class=\"row orion-heading\" style=\"margin-bottom:0px;\">\n\t\t<div class=\"col-md-12   text-left style-h2 style-text-dark\">\n\t\t\t<h2 class=\"text-dark\">\n\t\t\t\tCes\u00e1reas\t\t\t<\/h2>\n\t\t<\/div>\n\t<\/div>\n\n\t<\/div><\/div><\/div><div id=\"panel-3366-0-0-2\" class=\"so-panel widget widget_sow-editor\" data-index=\"2\" ><div class=\"orion custom mobile-text-center tablets-text-center default panel-widget-style panel-widget-style-for-3366-0-0-2\" ><div class=\"so-widget-sow-editor so-widget-sow-editor-base\">\n<div class=\"siteorigin-widget-tinymce textwidget\">\n\t<p><span style=\"vertical-align: inherit;\"><b><span style=\"vertical-align: inherit;\"><span style=\"vertical-align: inherit;\">Sanatorio Los Reyes atiende todos los casos de partos o ces\u00e1rea de bajo riesgo de acuerdo a una filosof\u00eda que pretende:<\/span><\/span><\/b><\/span><\/p>\n<ul>\n<li><span style=\"vertical-align: inherit;\"><span style=\"vertical-align: inherit;\"><span style=\"vertical-align: inherit;\">Ofrecer una atenci\u00f3n con las caracter\u00edsticas fundamentales para una ces\u00e1rea exitosa.<\/span><\/span><\/span><\/li>\n<li><span style=\"vertical-align: inherit;\"><span style=\"vertical-align: inherit;\"><span style=\"vertical-align: inherit;\">Que asegure el m\u00e1ximo nivel de seguridad y resultados satisfactorios.<\/span><\/span><\/span><\/li>\n<li><span style=\"vertical-align: inherit;\"><span style=\"vertical-align: inherit;\"><span style=\"vertical-align: inherit;\">En un entorno hospitalario, preparado para una r\u00e1pida actuaci\u00f3n en el improbable caso de complicaci\u00f3n urgente.<\/span><\/span><\/span><\/li>\n<\/ul>\n<p><span style=\"vertical-align: inherit;\"><b><span style=\"vertical-align: inherit;\"><span style=\"vertical-align: inherit;\">Las caracter\u00edsticas fundamentales de la atenci\u00f3n al momento de la ces\u00e1rea son las siguientes:<\/span><\/span><\/b><\/span><\/p>\n<ul>\n<li><span style=\"vertical-align: inherit;\"><span style=\"vertical-align: inherit;\"><span style=\"vertical-align: inherit;\">Salas con entorno f\u00edsico m\u00e1s c\u00e1lido, con eliminaci\u00f3n del aspecto hospitalario y \/ o quir\u00fargico de las salas \"cl\u00e1sicas\".<\/span><\/span><\/span><\/li>\n<li><span style=\"vertical-align: inherit;\"><span style=\"vertical-align: inherit;\"><span style=\"vertical-align: inherit;\">Espacio \u00fanico para el todo el proceso, desde dilataci\u00f3n.<\/span><\/span><\/span><\/li>\n<li><span style=\"vertical-align: inherit;\"><span style=\"vertical-align: inherit;\"><span style=\"vertical-align: inherit;\">Libertad de movimientos y postura durante todo el proceso.<\/span><\/span><\/span><\/li>\n<li><span style=\"vertical-align: inherit;\"><span style=\"vertical-align: inherit;\"><span style=\"vertical-align: inherit;\">Libertad para elegir analgesia o anestesia, su tipo y momento.<\/span><\/span><\/span><\/li>\n<li><span style=\"vertical-align: inherit;\"><span style=\"vertical-align: inherit;\"><span style=\"vertical-align: inherit;\">Respeto de tiempos m\u00ednimos de control (2 h) durante primera fase.<\/span><\/span><\/span><\/li>\n<\/ul>\n<p><span style=\"vertical-align: inherit;\"><span style=\"vertical-align: inherit;\"><span style=\"vertical-align: inherit;\">En Sanatorio Los Reyes contamos con los especialistas m\u00e1s capacitados.<\/span><\/span><\/span><\/p>\n<p><span style=\"vertical-align: inherit;\"><span style=\"vertical-align: inherit;\"><span style=\"vertical-align: inherit;\">! Ven y con\u00f3cenos\u00a1<\/span><\/span><\/span><\/p>\n<\/div>\n<\/div><\/div><\/div><div id=\"panel-3366-0-0-3\" class=\"so-panel widget widget_orion_empty_space_w panel-last-child\" data-index=\"3\" ><div class=\"orion custom default panel-widget-style panel-widget-style-for-3366-0-0-3\" ><div class=\"so-widget-orion_empty_space_w so-widget-orion_empty_space_w-base\">\t<div class=\"row empty-space  visible-sm visible-xs\" style=\"height:24px;\">\n\t<\/div><\/div><\/div><\/div><\/div><div id=\"pgc-3366-0-1\"  class=\"panel-grid-cell\" ><div id=\"panel-3366-0-1-0\" class=\"so-panel widget widget_orion_image_w panel-first-child panel-last-child\" data-index=\"4\" ><div class=\"orion custom mobile-text-center tablets-text-center default panel-widget-style panel-widget-style-for-3366-0-1-0\" ><div class=\"so-widget-orion_image_w so-widget-orion_image_w-base\">\n<div class=\"image-w relative rounded\">\n\n\t\t\t\t\t\t\t<div class=\"orion_circle image-wrap rounded overlay-none overlay-hover-none\">\n\t\t\n\t\t\t\t<div class=\"circle-wrap\">\n\t\t\t\t\t<img loading=\"lazy\" decoding=\"async\" width=\"750\" height=\"750\" src=\"https:\/\/sanatoriolosreyes.mx\/wp-content\/uploads\/2021\/09\/cesarea-750x750.jpg\" class=\"attachment-orion_square size-orion_square\" alt=\"\" \/>\t\t\t<div class=\"overlay\"><\/div>\n\t\t\t\t<\/div>\n\t\t\n\t\t\t\t\t<\/div>\n\t\t\t\n\t\n\t<div class=\"absolute\">\n\t\t<div class=\"hover-desc table-wrap\">\n\t\t\t<div class=\"cell-wrap\">\n\t\t\t\t<h4 class=\"text-light\"><\/h4>\n\t\t\t<\/div>\n\t\t<\/div>\n\t<\/div>\t\t\t\t\t\n<\/div>\n\n<\/div><\/div><\/div><\/div><\/div><\/div><div id=\"pg-3366-1\"  class=\"panel-grid panel-has-style\" ><div class=\"divider-no-animation tablet-default mobile-default desktop-default custom panel-row-style panel-row-style-for-3366-1\" ><div id=\"pgc-3366-1-0\"  class=\"panel-grid-cell\" ><div id=\"panel-3366-1-0-0\" class=\"so-panel widget widget_orion_icon_text_w panel-first-child panel-last-child\" data-index=\"5\" ><div class=\"orion custom default panel-widget-style panel-widget-style-for-3366-1-0-0\" ><div class=\"so-widget-orion_icon_text_w so-widget-orion_icon_text_w-base\">\n<div class=\"row icon-box-items-wrap grid icon-top\">\n \n\t\n\t\t\n\t\t\n\t\t\t\t\n\t\t\n\t\t<div class=\"icon-box-wrap clearfix col-lg-3 col-sm-6 text-dark\" style=\"margin-bottom:60px;\">\t\t\n\n\t\t\t\t\t\t\t\t\t\t<div class=\"icon-wrap relative circle\">\n\t\t\t\t\t<span class=\"sow-icon-elegantline\" data-sow-icon=\"&#xe03c;\"\n\t\tstyle=\"color: #00bcd4; background-color: #ffffff\" ><\/span>\t\t\t\t\t\t\t\t\t<\/div>\n\t\t\t\n\t\t\t<h4 class=\"item-title h6\">Evaluaci\u00f3n de ex\u00e1menes de laboratorio<\/h4>\t\t\t\n\n\t\t\t\t\t\t<span class=\"description\">Acude con tu medico de confianza para asistirte en todo tu proceso de embarazo <\/span>\n\t\t\t\n\t\t<\/div>\n\t\n\t\t\n\t\t\n\t\t\t\t\n\t\t\n\t\t<div class=\"icon-box-wrap clearfix col-lg-3 col-sm-6 text-dark\" style=\"margin-bottom:60px;\">\t\t\n\n\t\t\t\t\t\t\t\t\t\t<div class=\"icon-wrap relative circle\">\n\t\t\t\t\t<span class=\"sow-icon-elegantline\" data-sow-icon=\"&#xe00f;\"\n\t\tstyle=\"color: #00bcd4; background-color: #ffffff\" ><\/span>\t\t\t\t\t\t\t\t\t<\/div>\n\t\t\t\n\t\t\t<h4 class=\"item-title h6\">Ultrasonidos<\/h4>\t\t\t\n\n\t\t\t\t\t\t<span class=\"description\">Contamos con equipos de calidad para cualquier ultrasonido necesaria solicitada por tu medico. <\/span>\n\t\t\t\n\t\t<\/div>\n\t\n\t\t\n\t\t\n\t\t\t\t\n\t\t\n\t\t<div class=\"icon-box-wrap clearfix col-lg-3 col-sm-6 text-dark\" style=\"margin-bottom:60px;\">\t\t\n\n\t\t\t\t\t\t\t\t\t\t<div class=\"icon-wrap relative circle\">\n\t\t\t\t\t<span class=\"sow-icon-dentalicons3\" data-sow-icon=\"&#xe914;\"\n\t\tstyle=\"color: #00bcd4; background-color: #ffffff\" ><\/span>\t\t\t\t\t\t\t\t\t<\/div>\n\t\t\t\n\t\t\t<h4 class=\"item-title h6\">Tratamientos<\/h4>\t\t\t\n\n\t\t\t\t\t\t<span class=\"description\">Ponemos a tu disposici\u00f3n tratamientos de vanguardia para ayudarte a superar con \u00e9xito esta etapa de tu vida.<\/span>\n\t\t\t\n\t\t<\/div>\n\t\n\t\t\n\t\t\n\t\t\t\t\n\t\t\n\t\t<div class=\"icon-box-wrap clearfix col-lg-3 col-sm-6 text-dark\" style=\"margin-bottom:60px;\">\t\t\n\n\t\t\t\t\t\t\t\t\t\t<div class=\"icon-wrap relative circle\">\n\t\t\t\t\t<span class=\"sow-icon-elegantline\" data-sow-icon=\"&#xe041;\"\n\t\tstyle=\"color: #00bcd4; background-color: #ffffff\" ><\/span>\t\t\t\t\t\t\t\t\t<\/div>\n\t\t\t\n\t\t\t<h4 class=\"item-title h6\">Cuidados de tu embarazo<\/h4>\t\t\t\n\n\t\t\t\t\t\t<span class=\"description\">Prevenci\u00f3n, Detecci\u00f3n Temprana y Tratamiento de las Complicaciones del Embarazo.<\/span>\n\t\t\t\n\t\t<\/div>\n\t\n<\/div><\/div><\/div><\/div><\/div><\/div><\/div><div id=\"pg-3366-2\"  class=\"panel-grid panel-has-style\" ><div class=\"divider-no-animation tablet-default mobile-default desktop-default custom panel-row-style panel-row-style-for-3366-2\" ><div id=\"pgc-3366-2-0\"  class=\"panel-grid-cell\" ><div id=\"panel-3366-2-0-0\" class=\"so-panel widget widget_orion_empty_space_w panel-first-child\" data-index=\"6\" ><div class=\"orion custom default panel-widget-style panel-widget-style-for-3366-2-0-0\" ><div class=\"so-widget-orion_empty_space_w so-widget-orion_empty_space_w-base\">\t<div class=\"row empty-space  visible-sm visible-xs\" style=\"height:24px;\">\n\t<\/div><\/div><\/div><\/div><div id=\"panel-3366-2-0-1\" class=\"so-panel widget widget_sow-editor\" data-index=\"7\" ><div class=\"orion custom default panel-widget-style panel-widget-style-for-3366-2-0-1\" ><div class=\"so-widget-sow-editor so-widget-sow-editor-base\">\n<div class=\"siteorigin-widget-tinymce textwidget\">\n\t<h3 style=\"text-align: center;\"><span style=\"vertical-align: inherit;\"><span style=\"vertical-align: inherit;\">CONOCE NUESTROS ESPECIALISTAS EN CESAR\u00cdA<\/span><\/span><\/h3>\n<\/div>\n<\/div><\/div><\/div><div id=\"panel-3366-2-0-2\" class=\"so-panel widget widget_orion_team_w panel-last-child\" data-index=\"8\" ><div class=\"orion custom default panel-widget-style panel-widget-style-for-3366-2-0-2\" ><div class=\"so-widget-orion_team_w so-widget-orion_team_w-base\"><div class=\"row team-members grid top-nav\">\n\n<div class=\"wrapper\">\n\n\t\n\t\t\t\t\t\t\t<article class=\"item col-md-3 col-sm-6\">\n\t\t\t<div class=\"wrap\" style=\"background-color: transparent\">\n\t\t\t\t<header class=\"entry-header \" >\n\t\t\t\t\t\t\t\t\t\t\t\t\t\t\t\t<a href=\"https:\/\/sanatoriolosreyes.mx\/index.php\/team-member\/dr-marco-antonio\/\" class=\"image-wrap overlay-greyscale overlay-hover-none scale-zoomin orion_portrait\">\n\t\t\t\t\t\t\t\t\t\t\t\t\t\t\t<img loading=\"lazy\" decoding=\"async\" width=\"500\" height=\"500\" src=\"https:\/\/sanatoriolosreyes.mx\/wp-content\/uploads\/2021\/06\/dr-1.png\" class=\"attachment-orion_portrait size-orion_portrait wp-post-image\" alt=\"\" \/>\t\t\t\t\t\t\t\t<div class=\"overlay\"><\/div>\n\t\t\t\t\t\t\t\t\t\t\t\t\t<\/a>\n\t\t\t\t\t\t\t\t\t\t\t\n\t\t\t\t<\/header>\t\n\t\t\t<div class=\"entry-content vcard  no_bg_color has_border\">\n\t\t\t\t<div class=\"basic-info\">\n\t\t\t\t\t \n\t\t\t\t\t\t<div class=\"departments\">\t\n\t\t\t\t\t\t\t \n\t\t\t\t\t\t        \t\t\t\t\t\t        \t\t\t\t\t\t\t\t\t\t\n\t\t\t\t\t\t\t\t<a class=\"font-3 small category primary-hover primary-color\" href=\"https:\/\/sanatoriolosreyes.mx\/index.php\/department\/cirugia-general\/\">Cirug\u00eda General<\/a>\n\t\t\t\t\t\t        \t\t\t\t\t\t\t\t\t\t\t\t    <\/div>\t\n\t\t\t\t    \n\t\t\t\t    \t\t\t\t\t\t<a title=\"Dr. Marco Antonio Garc\u00eda Puig\" class=\"primary-hover\" href=\"https:\/\/sanatoriolosreyes.mx\/index.php\/team-member\/dr-marco-antonio\/\"> <h2 class=\"item-title h5 \"> Dr. Marco Antonio Garc\u00eda Puig<\/h2>\n\t\t\t\t\t\t<\/a>\n\t\t\t\t\t\t\t\t\t\n\t\t\t\t\t\t\t\t\t\t\t\t\t\t\t\t<div class=\"additional-title small\">\n\t\t\t\t\t\t\tCirujano General Endoscopista\t\t\t\t\t\t<\/div>\n\t\t\t\t\t\n\t\t\t\t\t\t\t\t\t<\/div> \n\n\t\t\t\t\t\t \t\t\n\t\t\t\t\t\t\t \t\t\t\t\t\t\t\t<ul class=\"social-links clearfix text-center\">\n\t\t\t\t\t\t\t\t\t\t\t\t\t\t\t\t\n\t\t\t\t\t\t\t\t\t\t\t\t\t\t\t\t\t\t\t<li> <a class=\"primary-hover\" href=\"#\">\n\t\t\t\t\t\t\t\t\t\t\t\t<i class=\"fa fa-twitter\">\n\t\t\t\t\t\t\t\t\t\t\t<\/i>\n\t\t\t\t\t\t\t\t\t\t\t<\/a>\n\t\t\t\t\t\t\t\t\t\t<\/li>\n\t\t\t\t\t\t\t\t\t\t\t\t\t\t\t\t\t\t\t\t\t\t\t\t\t\t\t\t\t\t\t\t\t\n\t\t\t\t\t\t\t\t\t\t\t\t\t\t\t\t\t\t\t<li> <a class=\"primary-hover\" href=\"mailto:#\">\n\t\t\t\t\t\t\t\t\t\t\t\t<i class=\"fa fa-envelope-o\">\n\t\t\t\t\t\t\t\t\t\t\t\t<\/i>\n\t\t\t\t\t\t\t\t\t\t\t<\/a>\n\t\t\t\t\t\t\t\t\t\t<\/li>\n\t\t\t\t\t\t\t\t\t\t\t\t\t\t\t\t\t\t\t\t\t\t\t\t\t\t\t\t\t\t\t\t\t\n\t\t\t\t\t\t\t\t\t\t\t\t\t\t\t\t\t\t\t<li> <a class=\"primary-hover\" href=\"#\">\n\t\t\t\t\t\t\t\t\t\t\t\t<i class=\"fa fa fa-linkedin\">\n\t\t\t\t\t\t\t\t\t\t\t<\/i>\n\t\t\t\t\t\t\t\t\t\t\t<\/a>\n\t\t\t\t\t\t\t\t\t\t<\/li>\n\t\t\t\t\t\t\t\t\t\t\t\t\t\t\t\t\t\t\t\t\t\t\t\t\t\t\t\t\t \t<\/ul>\n\t\t\t\t \t\t\t\t\t\t\n\t\t\t<\/div>\n\t\t<\/div>\n\t\t<\/article>\n\t\t\t\t\t\t\t<article class=\"item col-md-3 col-sm-6\">\n\t\t\t<div class=\"wrap\" style=\"background-color: transparent\">\n\t\t\t\t<header class=\"entry-header \" >\n\t\t\t\t\t\t\t\t\t\t\t\t\t\t\t\t<a href=\"https:\/\/sanatoriolosreyes.mx\/index.php\/team-member\/dra-alejandra-ramirez\/\" class=\"image-wrap overlay-greyscale overlay-hover-none scale-zoomin orion_portrait\">\n\t\t\t\t\t\t\t\t\t\t\t\t\t\t\t<img loading=\"lazy\" decoding=\"async\" width=\"500\" height=\"500\" src=\"https:\/\/sanatoriolosreyes.mx\/wp-content\/uploads\/2016\/10\/dra-4.png\" class=\"attachment-orion_portrait size-orion_portrait wp-post-image\" alt=\"\" \/>\t\t\t\t\t\t\t\t<div class=\"overlay\"><\/div>\n\t\t\t\t\t\t\t\t\t\t\t\t\t<\/a>\n\t\t\t\t\t\t\t\t\t\t\t\n\t\t\t\t<\/header>\t\n\t\t\t<div class=\"entry-content vcard  no_bg_color has_border\">\n\t\t\t\t<div class=\"basic-info\">\n\t\t\t\t\t \n\t\t\t\t\t\t<div class=\"departments\">\t\n\t\t\t\t\t\t\t \n\t\t\t\t\t\t        \t\t\t\t\t\t        \t\t\t\t\t\t\t\t\t\t\n\t\t\t\t\t\t\t\t<a class=\"font-3 small category primary-hover primary-color\" href=\"https:\/\/sanatoriolosreyes.mx\/index.php\/department\/cirugia-general\/\">Cirug\u00eda General<\/a>\n\t\t\t\t\t\t        \t\t\t\t\t\t\t\t\t\t\t\t    <\/div>\t\n\t\t\t\t    \n\t\t\t\t    \t\t\t\t\t\t<a title=\"Dra. Alejandra Ram\u00edrez\" class=\"primary-hover\" href=\"https:\/\/sanatoriolosreyes.mx\/index.php\/team-member\/dra-alejandra-ramirez\/\"> <h2 class=\"item-title h5 \"> Dra. Alejandra Ram\u00edrez<\/h2>\n\t\t\t\t\t\t<\/a>\n\t\t\t\t\t\t\t\t\t\n\t\t\t\t\t\t\t\t\t\t\t\t\t\t\t\t<div class=\"additional-title small\">\n\t\t\t\t\t\t\tCirujano General Endoscopista\t\t\t\t\t\t<\/div>\n\t\t\t\t\t\n\t\t\t\t\t\t\t\t\t<\/div> \n\n\t\t\t\t\t\t \t\t\n\t\t\t\t\t\t\t \t\t\t\t\t\t\t\n\t\t\t<\/div>\n\t\t<\/div>\n\t\t<\/article>\n\t\n\t\t\n\t<\/div>\n<\/div>\t\n<\/div><\/div><\/div><\/div><\/div><\/div><div id=\"pg-3366-3\"  class=\"panel-grid panel-has-style\" ><div class=\"siteorigin-panels-stretch divider-no-animation tablet-1-in-row mobile-1-in-row desktop-default text-light overlay-c1-c2 custom panel-row-style panel-row-style-for-3366-3\" data-stretch-type=\"full\" ><div id=\"pgc-3366-3-0\"  class=\"panel-grid-cell\" ><div id=\"panel-3366-3-0-0\" class=\"so-panel widget widget_sow-editor panel-first-child\" data-index=\"9\" ><div class=\"orion custom mobile-text-center tablets-text-center default panel-widget-style panel-widget-style-for-3366-3-0-0\" ><div class=\"so-widget-sow-editor so-widget-sow-editor-base\">\n<div class=\"siteorigin-widget-tinymce textwidget\">\n\t<div class=\"gtx-body\">NO DEJES TU SALUD PARA DESPU\u00c9S. <strong>SOLICITA UNA CITA<\/strong><\/div>\n<\/div>\n<\/div><\/div><\/div><div id=\"panel-3366-3-0-1\" class=\"so-panel widget widget_orion_empty_space_w panel-last-child\" data-index=\"10\" ><div class=\"orion custom default panel-widget-style panel-widget-style-for-3366-3-0-1\" ><div class=\"so-widget-orion_empty_space_w so-widget-orion_empty_space_w-base\">\t<div class=\"row empty-space  visible-sm visible-xs\" style=\"height:12px;\">\n\t<\/div><\/div><\/div><\/div><\/div><div id=\"pgc-3366-3-1\"  class=\"panel-grid-cell\" ><div class=\"panel-cell-style panel-cell-style-for-3366-3-1\" ><div id=\"panel-3366-3-1-0\" class=\"so-panel widget widget_orion_button_w panel-first-child panel-last-child\" data-index=\"11\" ><div class=\"orion custom mobile-text-center tablets-text-center default panel-widget-style panel-widget-style-for-3366-3-1-0\" ><div class=\"so-widget-orion_button_w so-widget-orion_button_w-base\">\n\t\t\t<a class=\"btn btn-white icon-right btn-wire btn-md float-right\"  href=\"https:\/\/sanatoriolosreyes.mx\/?post_type=wpcf7_contact_form&#038;p=8\">\n\t\t\tSolicitar una cita<span class=\"sow-icon-fontawesome sow-far\" data-sow-icon=\"&#xf133;\"\n\t\t ><\/span>\t\t\n\t\t<\/a>\n\t\n\n\n\n<\/div><\/div><\/div><\/div><\/div><\/div><\/div><\/div>","protected":false},"excerpt":{"rendered":"<p>Sanatorio Los Reyes atiende todos los casos de partos o ces\u00e1rea de bajo riesgo de acuerdo a una filosof\u00eda que pretende: Ofrecer una atenci\u00f3n con las caracter\u00edsticas fundamentales para una ces\u00e1rea exitosa. Que asegure el m\u00e1ximo nivel de seguridad y resultados satisfactorios. En un entorno hospitalario, preparado para una r\u00e1pida actuaci\u00f3n en el improbable caso<\/p>\n","protected":false},"author":2,"featured_media":0,"parent":968,"menu_order":0,"comment_status":"closed","ping_status":"closed","template":"","meta":{"footnotes":""},"class_list":["post-3366","page","type-page","status-publish","hentry"],"_links":{"self":[{"href":"https:\/\/sanatoriolosreyes.mx\/index.php\/wp-json\/wp\/v2\/pages\/3366","targetHints":{"allow":["GET"]}}],"collection":[{"href":"https:\/\/sanatoriolosreyes.mx\/index.php\/wp-json\/wp\/v2\/pages"}],"about":[{"href":"https:\/\/sanatoriolosreyes.mx\/index.php\/wp-json\/wp\/v2\/types\/page"}],"author":[{"embeddable":true,"href":"https:\/\/sanatoriolosreyes.mx\/index.php\/wp-json\/wp\/v2\/users\/2"}],"replies":[{"embeddable":true,"href":"https:\/\/sanatoriolosreyes.mx\/index.php\/wp-json\/wp\/v2\/comments?post=3366"}],"version-history":[{"count":11,"href":"https:\/\/sanatoriolosreyes.mx\/index.php\/wp-json\/wp\/v2\/pages\/3366\/revisions"}],"predecessor-version":[{"id":3643,"href":"https:\/\/sanatoriolosreyes.mx\/index.php\/wp-json\/wp\/v2\/pages\/3366\/revisions\/3643"}],"up":[{"embeddable":true,"href":"https:\/\/sanatoriolosreyes.mx\/index.php\/wp-json\/wp\/v2\/pages\/968"}],"wp:attachment":[{"href":"https:\/\/sanatoriolosreyes.mx\/index.php\/wp-json\/wp\/v2\/media?parent=3366"}],"curies":[{"name":"wp","href":"https:\/\/api.w.org\/{rel}","templated":true}]}}