{"id":3313,"date":"2021-09-09T19:32:06","date_gmt":"2021-09-09T19:32:06","guid":{"rendered":"https:\/\/sanatoriolosreyes.mx\/?page_id=3313"},"modified":"2021-09-20T23:52:25","modified_gmt":"2021-09-20T23:52:25","slug":"pediatria","status":"publish","type":"page","link":"https:\/\/sanatoriolosreyes.mx\/index.php\/services\/pediatria\/","title":{"rendered":"PEDIATR\u00cdA"},"content":{"rendered":"<div id=\"pl-3313\"  class=\"panel-layout\" ><div id=\"pg-3313-0\"  class=\"panel-grid panel-has-style\" ><div class=\"divider-no-animation tablet-1-in-row mobile-1-in-row desktop-default custom panel-row-style panel-row-style-for-3313-0\" ><div id=\"pgc-3313-0-0\"  class=\"panel-grid-cell\" ><div id=\"panel-3313-0-0-0\" class=\"so-panel widget widget_orion_heading_w panel-first-child\" data-index=\"0\" ><div class=\"orion custom mobile-text-center tablets-text-center default panel-widget-style panel-widget-style-for-3313-0-0-0\" ><div class=\"so-widget-orion_heading_w so-widget-orion_heading_w-base\"> \n\t\t\t<div class=\"row orion-heading\" style=\"margin-bottom:0px;\">\n\t\t<div class=\"col-md-12  separator-style-1 text-left style-h6 style-primary-color\">\n\t\t\t<h6 class=\"primary-color\">\n\t\t\t\tM\u00e9dicos Especialistas en Pediatr\u00eda\t\t\t<\/h6>\n\t\t<\/div>\n\t<\/div>\n\n\t<\/div><\/div><\/div><div id=\"panel-3313-0-0-1\" class=\"so-panel widget widget_orion_heading_w\" data-index=\"1\" ><div class=\"orion custom mobile-text-center tablets-text-center default panel-widget-style panel-widget-style-for-3313-0-0-1\" ><div class=\"so-widget-orion_heading_w so-widget-orion_heading_w-base\"> \n\t\t\t<div class=\"row orion-heading\" style=\"margin-bottom:0px;\">\n\t\t<div class=\"col-md-12   text-left style-h2 style-text-dark\">\n\t\t\t<h2 class=\"text-dark\">\n\t\t\t\tPediatr\u00eda\t\t\t<\/h2>\n\t\t<\/div>\n\t<\/div>\n\n\t<\/div><\/div><\/div><div id=\"panel-3313-0-0-2\" class=\"so-panel widget widget_sow-editor\" data-index=\"2\" ><div class=\"orion custom mobile-text-center tablets-text-center default panel-widget-style panel-widget-style-for-3313-0-0-2\" ><div class=\"so-widget-sow-editor so-widget-sow-editor-base\">\n<div class=\"siteorigin-widget-tinymce textwidget\">\n\t<p><strong><span style=\"vertical-align: inherit;\"><span style=\"vertical-align: inherit;\">Contamos con equipo especializado y m\u00e9dicos capacitados para atender la salud de los ni\u00f1os de manera integra.<\/span><\/span><\/strong><\/p>\n<p>La pediatr\u00eda es la especialidad m\u00e9dica que estudia al ni\u00f1o y sus enfermedades. La pediatr\u00eda estudia tanto al ni\u00f1o sano como al enfermo.<\/p>\n<p>Cronol\u00f3gicamente, la pediatr\u00eda abarca desde el nacimiento hasta la adolescencia. Dentro de ella se distinguen varios periodos: reci\u00e9n nacido (primeras cuatro semanas), lactante (1-12 meses de vida), preescolar (1-6 a\u00f1os), escolar (6-12 a\u00f1os) y adolescente (12-18 a\u00f1os).<\/p>\n<p>La pediatr\u00eda social estudia al ni\u00f1o sano o enfermo en su interrelaci\u00f3n con su comunidad o sociedad. La odontopediatr\u00eda es la rama de la odontolog\u00eda que estudia las afecciones de la boca en los ni\u00f1os. La tendencia actual es fundir todas estas acepciones en un \u00fanico t\u00e9rmino, pediatr\u00eda.<\/p>\n<p><span style=\"vertical-align: inherit;\"><span style=\"vertical-align: inherit;\">En Sanatorio Los Reyes contamos con los especialistas m\u00e1s capacitados.<\/span><\/span><\/p>\n<p><span style=\"vertical-align: inherit;\"><span style=\"vertical-align: inherit;\">!Ven y con\u00f3cenos\u00a1<\/span><\/span><\/p>\n<\/div>\n<\/div><\/div><\/div><div id=\"panel-3313-0-0-3\" class=\"so-panel widget widget_orion_empty_space_w panel-last-child\" data-index=\"3\" ><div class=\"orion custom default panel-widget-style panel-widget-style-for-3313-0-0-3\" ><div class=\"so-widget-orion_empty_space_w so-widget-orion_empty_space_w-base\">\t<div class=\"row empty-space  visible-sm visible-xs\" style=\"height:24px;\">\n\t<\/div><\/div><\/div><\/div><\/div><div id=\"pgc-3313-0-1\"  class=\"panel-grid-cell\" ><div id=\"panel-3313-0-1-0\" class=\"so-panel widget widget_orion_image_w panel-first-child panel-last-child\" data-index=\"4\" ><div class=\"orion custom mobile-text-center tablets-text-center default panel-widget-style panel-widget-style-for-3313-0-1-0\" ><div class=\"so-widget-orion_image_w so-widget-orion_image_w-base\">\n<div class=\"image-w relative rounded\">\n\n\t\t\t\t\t\t\t<div class=\"orion_circle image-wrap rounded overlay-none overlay-hover-none\">\n\t\t\n\t\t\t\t<div class=\"circle-wrap\">\n\t\t\t\t\t<img loading=\"lazy\" decoding=\"async\" width=\"750\" height=\"405\" src=\"https:\/\/sanatoriolosreyes.mx\/wp-content\/uploads\/2021\/09\/pediatria-750x405.jpg\" class=\"attachment-orion_square size-orion_square\" alt=\"\" \/>\t\t\t<div class=\"overlay\"><\/div>\n\t\t\t\t<\/div>\n\t\t\n\t\t\t\t\t<\/div>\n\t\t\t\n\t\n\t<div class=\"absolute\">\n\t\t<div class=\"hover-desc table-wrap\">\n\t\t\t<div class=\"cell-wrap\">\n\t\t\t\t<h4 class=\"text-light\"><\/h4>\n\t\t\t<\/div>\n\t\t<\/div>\n\t<\/div>\t\t\t\t\t\n<\/div>\n\n<\/div><\/div><\/div><\/div><\/div><\/div><div id=\"pg-3313-1\"  class=\"panel-grid panel-has-style\" ><div class=\"divider-no-animation panel-row-style panel-row-style-for-3313-1\" ><div id=\"pgc-3313-1-0\"  class=\"panel-grid-cell\" ><div id=\"panel-3313-1-0-0\" class=\"so-panel widget widget_orion_icon_text_w panel-first-child panel-last-child\" data-index=\"5\" ><div class=\"orion custom default panel-widget-style panel-widget-style-for-3313-1-0-0\" ><div class=\"so-widget-orion_icon_text_w so-widget-orion_icon_text_w-base\">\n<div class=\"row icon-box-items-wrap grid icon-top\">\n \n\t\n\t\t\n\t\t\n\t\t\t\t\n\t\t\n\t\t<div class=\"icon-box-wrap clearfix col-lg-3 col-sm-6 text-dark\" style=\"margin-bottom:60px;\">\t\t\n\n\t\t\t\t\t\t\t\t\t\t<div class=\"icon-wrap relative circle\">\n\t\t\t\t\t<span class=\"sow-icon-elegantline\" data-sow-icon=\"&#xe037;\"\n\t\tstyle=\"color: #00bcd4; background-color: #ffffff\" ><\/span>\t\t\t\t\t\t\t\t\t<\/div>\n\t\t\t\n\t\t\t<h4 class=\"item-title h6\">Alergista pedi\u00e1trico<\/h4>\t\t\t\n\n\t\t\t\t\t\t<span class=\"description\">Consulte a su pediatra de confianza que podr\u00e1 ayudarla a detectar la aparici\u00f3n de alergias. <\/span>\n\t\t\t\n\t\t<\/div>\n\t\n\t\t\n\t\t\n\t\t\t\t\n\t\t\n\t\t<div class=\"icon-box-wrap clearfix col-lg-3 col-sm-6 text-dark\" style=\"margin-bottom:60px;\">\t\t\n\n\t\t\t\t\t\t\t\t\t\t<div class=\"icon-wrap relative circle\">\n\t\t\t\t\t<span class=\"sow-icon-genericons\" data-sow-icon=\"&#xf222;\"\n\t\tstyle=\"color: #00bcd4; background-color: #ffffff\" ><\/span>\t\t\t\t\t\t\t\t\t<\/div>\n\t\t\t\n\t\t\t<h4 class=\"item-title h6\">Neonatolog\u00eda<\/h4>\t\t\t\n\n\t\t\t\t\t\t<span class=\"description\">Consulte a su medico de confianza que pueda examinar a su beb\u00e9 en caso de haber alguna complicaci\u00f3n justo despu\u00e9s del parto.<\/span>\n\t\t\t\n\t\t<\/div>\n\t\n\t\t\n\t\t\n\t\t\t\t\n\t\t\n\t\t<div class=\"icon-box-wrap clearfix col-lg-3 col-sm-6 text-dark\" style=\"margin-bottom:60px;\">\t\t\n\n\t\t\t\t\t\t\t\t\t\t<div class=\"icon-wrap relative circle\">\n\t\t\t\t\t<span class=\"sow-icon-elegantline\" data-sow-icon=\"&#xe05c;\"\n\t\tstyle=\"color: #00bcd4; background-color: #ffffff\" ><\/span>\t\t\t\t\t\t\t\t\t<\/div>\n\t\t\t\n\t\t\t<h4 class=\"item-title h6\">Inmunolog\u00eda<\/h4>\t\t\t\n\n\t\t\t\t\t\t<span class=\"description\">Acuda a su medico de confianza en caso de detectar alg\u00fan problema grave tras la aparici\u00f3n de un gran n\u00famero de infecciones sucesivas.<\/span>\n\t\t\t\n\t\t<\/div>\n\t\n\t\t\n\t\t\n\t\t\t\t\n\t\t\n\t\t<div class=\"icon-box-wrap clearfix col-lg-3 col-sm-6 text-dark\" style=\"margin-bottom:60px;\">\t\t\n\n\t\t\t\t\t\t\t\t\t\t<div class=\"icon-wrap relative circle\">\n\t\t\t\t\t<span class=\"sow-icon-elegantline\" data-sow-icon=\"&#xe05c;\"\n\t\tstyle=\"color: #00bcd4; background-color: #ffffff\" ><\/span>\t\t\t\t\t\t\t\t\t<\/div>\n\t\t\t\n\t\t\t<h4 class=\"item-title h6\">Hematolog\u00eda<\/h4>\t\t\t\n\n\t\t\t\t\t\t<span class=\"description\">No dudes en acudir al pediatra en caso de detectar alguna complicaci\u00f3n relacionada con la sangre como la anemia<\/span>\n\t\t\t\n\t\t<\/div>\n\t\n<\/div><\/div><\/div><\/div><\/div><\/div><\/div><div id=\"pg-3313-2\"  class=\"panel-grid panel-has-style\" ><div class=\"divider-no-animation tablet-default mobile-default desktop-default custom panel-row-style panel-row-style-for-3313-2\" ><div id=\"pgc-3313-2-0\"  class=\"panel-grid-cell\" ><div id=\"panel-3313-2-0-0\" class=\"so-panel widget widget_orion_empty_space_w panel-first-child\" data-index=\"6\" ><div class=\"orion custom default panel-widget-style panel-widget-style-for-3313-2-0-0\" ><div class=\"so-widget-orion_empty_space_w so-widget-orion_empty_space_w-base\">\t<div class=\"row empty-space  visible-sm visible-xs\" style=\"height:24px;\">\n\t<\/div><\/div><\/div><\/div><div id=\"panel-3313-2-0-1\" class=\"so-panel widget widget_sow-editor\" data-index=\"7\" ><div class=\"orion custom default panel-widget-style panel-widget-style-for-3313-2-0-1\" ><div class=\"so-widget-sow-editor so-widget-sow-editor-base\">\n<div class=\"siteorigin-widget-tinymce textwidget\">\n\t<h3 style=\"text-align: center;\"><span style=\"vertical-align: inherit;\"><span style=\"vertical-align: inherit;\">CONOCE NUESTROS ESPECIALISTAS EN PEDIATR\u00cdA<\/span><\/span><\/h3>\n<\/div>\n<\/div><\/div><\/div><div id=\"panel-3313-2-0-2\" class=\"so-panel widget widget_orion_team_w panel-last-child\" data-index=\"8\" ><div class=\"orion custom default panel-widget-style panel-widget-style-for-3313-2-0-2\" ><div class=\"so-widget-orion_team_w so-widget-orion_team_w-base\"><div class=\"row team-members grid top-nav\">\n\n<div class=\"wrapper\">\n\n\t\n\t\t\t\t\t\t\t<article class=\"item col-md-3 col-sm-6\">\n\t\t\t<div class=\"wrap\" style=\"background-color: transparent\">\n\t\t\t\t<header class=\"entry-header \" >\n\t\t\t\t\t\t\t\t\t\t\t\t\t\t\t\t<a href=\"https:\/\/sanatoriolosreyes.mx\/index.php\/team-member\/dr-roberto-manuel-davila-carrillo\/\" class=\"image-wrap overlay-greyscale overlay-hover-none scale-zoomin orion_portrait\">\n\t\t\t\t\t\t\t\t\t\t\t\t\t\t\t<img loading=\"lazy\" decoding=\"async\" width=\"500\" height=\"500\" src=\"https:\/\/sanatoriolosreyes.mx\/wp-content\/uploads\/2016\/10\/dr-3.png\" class=\"attachment-orion_portrait size-orion_portrait wp-post-image\" alt=\"\" \/>\t\t\t\t\t\t\t\t<div class=\"overlay\"><\/div>\n\t\t\t\t\t\t\t\t\t\t\t\t\t<\/a>\n\t\t\t\t\t\t\t\t\t\t\t\n\t\t\t\t<\/header>\t\n\t\t\t<div class=\"entry-content vcard  no_bg_color has_border\">\n\t\t\t\t<div class=\"basic-info\">\n\t\t\t\t\t \n\t\t\t\t\t\t<div class=\"departments\">\t\n\t\t\t\t\t\t\t \n\t\t\t\t\t\t        \t\t\t\t\t\t        \t\t\t\t\t\t\t\t\t\t\n\t\t\t\t\t\t\t\t<a class=\"font-3 small category primary-hover primary-color\" href=\"https:\/\/sanatoriolosreyes.mx\/index.php\/department\/ginecologia\/\">Ginecolog\u00eda<\/a>\n\t\t\t\t\t\t        \t\t\t\t\t\t\t\t\t\t\t\t    <\/div>\t\n\t\t\t\t    \n\t\t\t\t    \t\t\t\t\t\t<a title=\"Dr. Roberto Manuel D\u00e1vila Carrillo\" class=\"primary-hover\" href=\"https:\/\/sanatoriolosreyes.mx\/index.php\/team-member\/dr-roberto-manuel-davila-carrillo\/\"> <h2 class=\"item-title h5 \"> Dr. Roberto Manuel D\u00e1vila Carrillo<\/h2>\n\t\t\t\t\t\t<\/a>\n\t\t\t\t\t\t\t\t\t\n\t\t\t\t\t\t\t\t\t\t\t\t\t\t\t\t<div class=\"additional-title small\">\n\t\t\t\t\t\t\tGinecolog\u00eda\t\t\t\t\t\t<\/div>\n\t\t\t\t\t\n\t\t\t\t\t\t\t\t\t<\/div> \n\n\t\t\t\t\t\t \t\t\n\t\t\t\t\t\t\t \t\t\t\t\t\t\t\n\t\t\t<\/div>\n\t\t<\/div>\n\t\t<\/article>\n\t\n\t\t\n\t<\/div>\n<\/div>\t\n<\/div><\/div><\/div><\/div><\/div><\/div><div id=\"pg-3313-3\"  class=\"panel-grid panel-has-style\" ><div class=\"siteorigin-panels-stretch divider-no-animation tablet-1-in-row mobile-1-in-row desktop-default text-light overlay-c1-c2 custom panel-row-style panel-row-style-for-3313-3\" data-stretch-type=\"full\" ><div id=\"pgc-3313-3-0\"  class=\"panel-grid-cell\" ><div id=\"panel-3313-3-0-0\" class=\"so-panel widget widget_sow-editor panel-first-child\" data-index=\"9\" ><div class=\"orion custom mobile-text-center tablets-text-center default panel-widget-style panel-widget-style-for-3313-3-0-0\" ><div class=\"so-widget-sow-editor so-widget-sow-editor-base\">\n<div class=\"siteorigin-widget-tinymce textwidget\">\n\t<div class=\"gtx-body\">NO DEJES TU SALUD PARA DESPU\u00c9S. <strong>SOLICITA UNA CITA<\/strong><\/div>\n<\/div>\n<\/div><\/div><\/div><div id=\"panel-3313-3-0-1\" class=\"so-panel widget widget_orion_empty_space_w panel-last-child\" data-index=\"10\" ><div class=\"orion default panel-widget-style panel-widget-style-for-3313-3-0-1\" ><div class=\"so-widget-orion_empty_space_w so-widget-orion_empty_space_w-base\">\t<div class=\"row empty-space  visible-sm visible-xs\" style=\"height:12px;\">\n\t<\/div><\/div><\/div><\/div><\/div><div id=\"pgc-3313-3-1\"  class=\"panel-grid-cell\" ><div class=\"panel-cell-style panel-cell-style-for-3313-3-1\" ><div id=\"panel-3313-3-1-0\" class=\"so-panel widget widget_orion_button_w panel-first-child panel-last-child\" data-index=\"11\" ><div class=\"orion custom mobile-text-center tablets-text-center default panel-widget-style panel-widget-style-for-3313-3-1-0\" ><div class=\"so-widget-orion_button_w so-widget-orion_button_w-base\">\n\t\t\t<a class=\"btn btn-white icon-right btn-wire btn-md float-right\"  href=\"https:\/\/sanatoriolosreyes.mx\/?post_type=wpcf7_contact_form&#038;p=8\">\n\t\t\tSolicitar una cita<span class=\"sow-icon-fontawesome sow-far\" data-sow-icon=\"&#xf133;\"\n\t\t ><\/span>\t\t\n\t\t<\/a>\n\t\n\n\n\n<\/div><\/div><\/div><\/div><\/div><\/div><\/div><\/div>","protected":false},"excerpt":{"rendered":"<p>Contamos con equipo especializado y m\u00e9dicos capacitados para atender la salud de los ni\u00f1os de manera integra. La pediatr\u00eda es la especialidad m\u00e9dica que estudia al ni\u00f1o y sus enfermedades. La pediatr\u00eda estudia tanto al ni\u00f1o sano como al enfermo. Cronol\u00f3gicamente, la pediatr\u00eda abarca desde el nacimiento hasta la adolescencia. Dentro de ella se distinguen<\/p>\n","protected":false},"author":2,"featured_media":0,"parent":968,"menu_order":0,"comment_status":"closed","ping_status":"closed","template":"","meta":{"footnotes":""},"class_list":["post-3313","page","type-page","status-publish","hentry"],"_links":{"self":[{"href":"https:\/\/sanatoriolosreyes.mx\/index.php\/wp-json\/wp\/v2\/pages\/3313","targetHints":{"allow":["GET"]}}],"collection":[{"href":"https:\/\/sanatoriolosreyes.mx\/index.php\/wp-json\/wp\/v2\/pages"}],"about":[{"href":"https:\/\/sanatoriolosreyes.mx\/index.php\/wp-json\/wp\/v2\/types\/page"}],"author":[{"embeddable":true,"href":"https:\/\/sanatoriolosreyes.mx\/index.php\/wp-json\/wp\/v2\/users\/2"}],"replies":[{"embeddable":true,"href":"https:\/\/sanatoriolosreyes.mx\/index.php\/wp-json\/wp\/v2\/comments?post=3313"}],"version-history":[{"count":12,"href":"https:\/\/sanatoriolosreyes.mx\/index.php\/wp-json\/wp\/v2\/pages\/3313\/revisions"}],"predecessor-version":[{"id":3636,"href":"https:\/\/sanatoriolosreyes.mx\/index.php\/wp-json\/wp\/v2\/pages\/3313\/revisions\/3636"}],"up":[{"embeddable":true,"href":"https:\/\/sanatoriolosreyes.mx\/index.php\/wp-json\/wp\/v2\/pages\/968"}],"wp:attachment":[{"href":"https:\/\/sanatoriolosreyes.mx\/index.php\/wp-json\/wp\/v2\/media?parent=3313"}],"curies":[{"name":"wp","href":"https:\/\/api.w.org\/{rel}","templated":true}]}}