{"id":3276,"date":"2021-09-09T15:14:00","date_gmt":"2021-09-09T15:14:00","guid":{"rendered":"https:\/\/sanatoriolosreyes.mx\/?page_id=3276"},"modified":"2021-09-20T23:49:33","modified_gmt":"2021-09-20T23:49:33","slug":"medicina-interna","status":"publish","type":"page","link":"https:\/\/sanatoriolosreyes.mx\/index.php\/services\/medicina-interna\/","title":{"rendered":"Medicina Interna"},"content":{"rendered":"<div id=\"pl-3276\"  class=\"panel-layout\" ><div id=\"pg-3276-0\"  class=\"panel-grid panel-has-style\" ><div class=\"divider-no-animation tablet-1-in-row mobile-1-in-row desktop-default custom panel-row-style panel-row-style-for-3276-0\" ><div id=\"pgc-3276-0-0\"  class=\"panel-grid-cell\" ><div id=\"panel-3276-0-0-0\" class=\"so-panel widget widget_orion_heading_w panel-first-child\" data-index=\"0\" ><div class=\"orion custom mobile-text-center tablets-text-center default panel-widget-style panel-widget-style-for-3276-0-0-0\" ><div class=\"so-widget-orion_heading_w so-widget-orion_heading_w-base\"> \n\t\t\t<div class=\"row orion-heading\" style=\"margin-bottom:0px;\">\n\t\t<div class=\"col-md-12  separator-style-1 text-left style-h6 style-primary-color\">\n\t\t\t<h6 class=\"primary-color\">\n\t\t\t\tM\u00e9dicos Especialistas en Medicina Interna\t\t\t<\/h6>\n\t\t<\/div>\n\t<\/div>\n\n\t<\/div><\/div><\/div><div id=\"panel-3276-0-0-1\" class=\"so-panel widget widget_orion_heading_w\" data-index=\"1\" ><div class=\"orion custom mobile-text-center tablets-text-center default panel-widget-style panel-widget-style-for-3276-0-0-1\" ><div class=\"so-widget-orion_heading_w so-widget-orion_heading_w-base\"> \n\t\t\t<div class=\"row orion-heading\" style=\"margin-bottom:0px;\">\n\t\t<div class=\"col-md-12   text-left style-h2 style-text-dark\">\n\t\t\t<h2 class=\"text-dark\">\n\t\t\t\tMedicina Interna\t\t\t<\/h2>\n\t\t<\/div>\n\t<\/div>\n\n\t<\/div><\/div><\/div><div id=\"panel-3276-0-0-2\" class=\"so-panel widget widget_sow-editor\" data-index=\"2\" ><div class=\"orion custom mobile-text-center tablets-text-center default panel-widget-style panel-widget-style-for-3276-0-0-2\" ><div class=\"so-widget-sow-editor so-widget-sow-editor-base\">\n<div class=\"siteorigin-widget-tinymce textwidget\">\n\t<p><strong><span style=\"vertical-align: inherit;\"><span style=\"vertical-align: inherit;\"><span style=\"vertical-align: inherit;\"><span style=\"vertical-align: inherit;\">Contamos con equipo especializado y m\u00e9dicos capacitados para atender la salud del adulto enfermo.<\/span><\/span><\/span><\/span><\/strong><\/p>\n<p><span style=\"vertical-align: inherit;\"><span style=\"vertical-align: inherit;\">La medicina interna es una especialidad m\u00e9dica que se dedica a la atenci\u00f3n integral del adulto enfermo ingresado en un hospital. <\/span><span style=\"vertical-align: inherit;\">El m\u00e9dico que ejerce la especialidad \"medicina interna\" se llama m\u00e9dico internista.<\/span><\/span><\/p>\n<p><span style=\"vertical-align: inherit;\"><span style=\"vertical-align: inherit;\">Gu\u00eda al enfermo en su compleja trayectoria por el sistema sanitario hospitalario, dirigiendo y coordinando la actuaci\u00f3n frente a su enfermedad y coordinando al resto de especialistas necesarios para obtener un diagn\u00f3stico y tratamiento adecuado.<\/span><\/span><\/p>\n<p><span style=\"vertical-align: inherit;\"><span style=\"vertical-align: inherit;\">Los m\u00e9dicos internistas son los expertos a quienes recurren los m\u00e9dicos de atenci\u00f3n primaria y el resto de especialistas para atender a enfermos complejos cuyo diagn\u00f3stico es dif\u00edcil, que se encuentran afectados por varias enfermedades o que presentan s\u00edntomas en varios \u00f3rganos, aparatos o sistemas del organismo.<\/span><\/span><\/p>\n<p><span style=\"vertical-align: inherit;\"><span style=\"vertical-align: inherit;\">Atender a los pacientes con las enfermedades m\u00e1s habituales que acuden al hospital, ingresados \u200b\u200bo en consultas ambulatorias.<\/span><\/span><\/p>\n<p>&nbsp;<\/p>\n<p><span style=\"vertical-align: inherit;\"><span style=\"vertical-align: inherit;\"><span style=\"vertical-align: inherit;\"><span style=\"vertical-align: inherit;\">En Sanatorio Los Reyes contamos con los especialistas m\u00e1s capacitados.<\/span><\/span><\/span><\/span><\/p>\n<p><span style=\"vertical-align: inherit;\"><span style=\"vertical-align: inherit;\"><span style=\"vertical-align: inherit;\"><span style=\"vertical-align: inherit;\">!<\/span><span style=\"vertical-align: inherit;\">Ven y con\u00f3cenos\u00a1<\/span><\/span><\/span><\/span><\/p>\n<\/div>\n<\/div><\/div><\/div><div id=\"panel-3276-0-0-3\" class=\"so-panel widget widget_orion_empty_space_w panel-last-child\" data-index=\"3\" ><div class=\"orion custom default panel-widget-style panel-widget-style-for-3276-0-0-3\" ><div class=\"so-widget-orion_empty_space_w so-widget-orion_empty_space_w-base\">\t<div class=\"row empty-space  visible-sm visible-xs\" style=\"height:24px;\">\n\t<\/div><\/div><\/div><\/div><\/div><div id=\"pgc-3276-0-1\"  class=\"panel-grid-cell\" ><div id=\"panel-3276-0-1-0\" class=\"so-panel widget widget_orion_image_w panel-first-child panel-last-child\" data-index=\"4\" ><div class=\"orion custom mobile-text-center tablets-text-center default panel-widget-style panel-widget-style-for-3276-0-1-0\" ><div class=\"so-widget-orion_image_w so-widget-orion_image_w-base\">\n<div class=\"image-w relative rounded\">\n\n\t\t\t\t\t\t\t<div class=\"orion_circle image-wrap rounded overlay-none overlay-hover-none\">\n\t\t\n\t\t\t\t<div class=\"circle-wrap\">\n\t\t\t\t\t<img loading=\"lazy\" decoding=\"async\" width=\"560\" height=\"491\" src=\"https:\/\/sanatoriolosreyes.mx\/wp-content\/uploads\/2016\/10\/1.jpg\" class=\"attachment-orion_square size-orion_square\" alt=\"\" \/>\t\t\t<div class=\"overlay\"><\/div>\n\t\t\t\t<\/div>\n\t\t\n\t\t\t\t\t<\/div>\n\t\t\t\n\t\n\t<div class=\"absolute\">\n\t\t<div class=\"hover-desc table-wrap\">\n\t\t\t<div class=\"cell-wrap\">\n\t\t\t\t<h4 class=\"text-light\"><\/h4>\n\t\t\t<\/div>\n\t\t<\/div>\n\t<\/div>\t\t\t\t\t\n<\/div>\n\n<\/div><\/div><\/div><\/div><\/div><\/div><div id=\"pg-3276-1\"  class=\"panel-grid panel-has-style\" ><div class=\"divider-no-animation tablet-default mobile-default desktop-default custom panel-row-style panel-row-style-for-3276-1\" ><div id=\"pgc-3276-1-0\"  class=\"panel-grid-cell\" ><div id=\"panel-3276-1-0-0\" class=\"so-panel widget widget_orion_icon_text_w panel-first-child panel-last-child\" data-index=\"5\" ><div class=\"orion custom default panel-widget-style panel-widget-style-for-3276-1-0-0\" ><div class=\"so-widget-orion_icon_text_w so-widget-orion_icon_text_w-base\">\n<div class=\"row icon-box-items-wrap grid icon-top\">\n \n\t\n\t\t\n\t\t\n\t\t\t\t\n\t\t\n\t\t<div class=\"icon-box-wrap clearfix col-lg-3 col-sm-6 text-dark icon-image-wrap\" style=\"margin-bottom:60px;\">\t\t\n\n\t\t\t\t\t\t\t\t\t\t<div class=\"icon-wrap relative circle\">\n\t\t\t\t\t\t\t\t\t\t<span class=\"image\"><img loading=\"lazy\" decoding=\"async\" width=\"150\" height=\"150\" src=\"https:\/\/sanatoriolosreyes.mx\/wp-content\/uploads\/2021\/09\/neumologia-150x150.jpg\" class=\"attachment-thumbnail size-thumbnail\" alt=\"\" \/><\/span>\t\t\t\t<\/div>\n\t\t\t\n\t\t\t<h4 class=\"item-title h6\">Neumolog\u00eda<\/h4>\t\t\t\n\n\t\t\t\t\t\t<span class=\"description\">Contamos con una capacitaci\u00f3n alta en tecnolog\u00eda medica y con la mejor cartera de m\u00e9dicos para tratar con \u00e9xito enfermedades internas.<\/span>\n\t\t\t\n\t\t<\/div>\n\t\n\t\t\n\t\t\n\t\t\t\t\n\t\t\n\t\t<div class=\"icon-box-wrap clearfix col-lg-3 col-sm-6 text-dark icon-image-wrap icon-image-wrap\" style=\"margin-bottom:60px;\">\t\t\n\n\t\t\t\t\t\t\t\t\t\t<div class=\"icon-wrap relative circle\">\n\t\t\t\t\t\t\t\t\t\t<span class=\"image\"><img loading=\"lazy\" decoding=\"async\" width=\"150\" height=\"150\" src=\"https:\/\/sanatoriolosreyes.mx\/wp-content\/uploads\/2021\/09\/cardiologia-150x150.jpg\" class=\"attachment-thumbnail size-thumbnail\" alt=\"\" \/><\/span>\t\t\t\t<\/div>\n\t\t\t\n\t\t\t<h4 class=\"item-title h6\">Cardiolog\u00eda<\/h4>\t\t\t\n\n\t\t\t\t\t\t<span class=\"description\">Contamos con una capacitaci\u00f3n alta en tecnolog\u00eda medica y con los mejores m\u00e9dicos para tratar con \u00e9xito enfermedades internas cardiol\u00f3gicas.<\/span>\n\t\t\t\n\t\t<\/div>\n\t\n\t\t\n\t\t\n\t\t\t\t\n\t\t\n\t\t<div class=\"icon-box-wrap clearfix col-lg-3 col-sm-6 text-dark icon-image-wrap icon-image-wrap icon-image-wrap\" style=\"margin-bottom:60px;\">\t\t\n\n\t\t\t\t\t\t\t\t\t\t<div class=\"icon-wrap relative circle\">\n\t\t\t\t\t\t\t\t\t\t<span class=\"image\"><img loading=\"lazy\" decoding=\"async\" width=\"150\" height=\"150\" src=\"https:\/\/sanatoriolosreyes.mx\/wp-content\/uploads\/2021\/09\/Nefrologia1-150x150.png\" class=\"attachment-thumbnail size-thumbnail\" alt=\"\" \/><\/span>\t\t\t\t<\/div>\n\t\t\t\n\t\t\t<h4 class=\"item-title h6\">Nefrolog\u00eda<\/h4>\t\t\t\n\n\t\t\t\t\t\t<span class=\"description\">Contamos con una capacitaci\u00f3n alta en tecnolog\u00eda medica y con la mejor atenci\u00f3n m\u00e9dica para tratar con \u00e9xito enfermedades internas provenientes de la nefrolog\u00eda.<\/span>\n\t\t\t\n\t\t<\/div>\n\t\n\t\t\n\t\t\n\t\t\t\t\n\t\t\n\t\t<div class=\"icon-box-wrap clearfix col-lg-3 col-sm-6 text-dark icon-image-wrap icon-image-wrap icon-image-wrap icon-image-wrap\" style=\"margin-bottom:60px;\">\t\t\n\n\t\t\t\t\t\t\t\t\t\t<div class=\"icon-wrap relative circle\">\n\t\t\t\t\t\t\t\t\t\t<span class=\"image\"><img loading=\"lazy\" decoding=\"async\" width=\"150\" height=\"150\" src=\"https:\/\/sanatoriolosreyes.mx\/wp-content\/uploads\/2021\/09\/reumatologia1-150x150.png\" class=\"attachment-thumbnail size-thumbnail\" alt=\"\" \/><\/span>\t\t\t\t<\/div>\n\t\t\t\n\t\t\t<h4 class=\"item-title h6\">Reumatolog\u00eda<\/h4>\t\t\t\n\n\t\t\t\t\t\t<span class=\"description\">Contamos con tecnolog\u00eda medica alta y con m\u00e9dicos capacitados para tratar con \u00e9xito enfermedades internas reumatol\u00f3gicas.<\/span>\n\t\t\t\n\t\t<\/div>\n\t\n<\/div><\/div><\/div><\/div><\/div><\/div><\/div><div id=\"pg-3276-2\"  class=\"panel-grid panel-has-style\" ><div class=\"divider-no-animation tablet-default mobile-default desktop-default custom panel-row-style panel-row-style-for-3276-2\" ><div id=\"pgc-3276-2-0\"  class=\"panel-grid-cell\" ><div id=\"panel-3276-2-0-0\" class=\"so-panel widget widget_orion_empty_space_w panel-first-child\" data-index=\"6\" ><div class=\"orion custom default panel-widget-style panel-widget-style-for-3276-2-0-0\" ><div class=\"so-widget-orion_empty_space_w so-widget-orion_empty_space_w-base\">\t<div class=\"row empty-space  visible-lg visible-md visible-sm visible-xs\" style=\"height:24px;\">\n\t<\/div><\/div><\/div><\/div><div id=\"panel-3276-2-0-1\" class=\"so-panel widget widget_sow-editor\" data-index=\"7\" ><div class=\"orion custom default panel-widget-style panel-widget-style-for-3276-2-0-1\" ><div class=\"so-widget-sow-editor so-widget-sow-editor-base\">\n<div class=\"siteorigin-widget-tinymce textwidget\">\n\t<h3 style=\"text-align: center;\"><span style=\"vertical-align: inherit;\"><span style=\"vertical-align: inherit;\">CONOCE NUESTROS ESPECIALISTAS EN MEDICINA INTERNA<\/span><\/span><\/h3>\n<\/div>\n<\/div><\/div><\/div><div id=\"panel-3276-2-0-2\" class=\"so-panel widget widget_orion_team_w panel-last-child\" data-index=\"8\" ><div class=\"orion custom default panel-widget-style panel-widget-style-for-3276-2-0-2\" ><div class=\"so-widget-orion_team_w so-widget-orion_team_w-base\"><div class=\"row team-members grid top-nav\">\n\n<div class=\"wrapper\">\n\n\t\n\t\t\t\t\t\t\t<article class=\"item col-md-3 col-sm-6\">\n\t\t\t<div class=\"wrap\" style=\"background-color: transparent\">\n\t\t\t\t<header class=\"entry-header \" >\n\t\t\t\t\t\t\t\t\t\t\t\t\t\t\t\t<a href=\"https:\/\/sanatoriolosreyes.mx\/index.php\/team-member\/dr-roberto-manuel-davila-carrillo\/\" class=\"image-wrap overlay-greyscale overlay-hover-none scale-zoomin orion_portrait\">\n\t\t\t\t\t\t\t\t\t\t\t\t\t\t\t<img loading=\"lazy\" decoding=\"async\" width=\"500\" height=\"500\" src=\"https:\/\/sanatoriolosreyes.mx\/wp-content\/uploads\/2016\/10\/dr-3.png\" class=\"attachment-orion_portrait size-orion_portrait wp-post-image\" alt=\"\" \/>\t\t\t\t\t\t\t\t<div class=\"overlay\"><\/div>\n\t\t\t\t\t\t\t\t\t\t\t\t\t<\/a>\n\t\t\t\t\t\t\t\t\t\t\t\n\t\t\t\t<\/header>\t\n\t\t\t<div class=\"entry-content vcard  no_bg_color has_border\">\n\t\t\t\t<div class=\"basic-info\">\n\t\t\t\t\t \n\t\t\t\t\t\t<div class=\"departments\">\t\n\t\t\t\t\t\t\t \n\t\t\t\t\t\t        \t\t\t\t\t\t        \t\t\t\t\t\t\t\t\t\t\n\t\t\t\t\t\t\t\t<a class=\"font-3 small category primary-hover primary-color\" href=\"https:\/\/sanatoriolosreyes.mx\/index.php\/department\/ginecologia\/\">Ginecolog\u00eda<\/a>\n\t\t\t\t\t\t        \t\t\t\t\t\t\t\t\t\t\t\t    <\/div>\t\n\t\t\t\t    \n\t\t\t\t    \t\t\t\t\t\t<a title=\"Dr. Roberto Manuel D\u00e1vila Carrillo\" class=\"primary-hover\" href=\"https:\/\/sanatoriolosreyes.mx\/index.php\/team-member\/dr-roberto-manuel-davila-carrillo\/\"> <h2 class=\"item-title h5 \"> Dr. Roberto Manuel D\u00e1vila Carrillo<\/h2>\n\t\t\t\t\t\t<\/a>\n\t\t\t\t\t\t\t\t\t\n\t\t\t\t\t\t\t\t\t\t\t\t\t\t\t\t<div class=\"additional-title small\">\n\t\t\t\t\t\t\tGinecolog\u00eda\t\t\t\t\t\t<\/div>\n\t\t\t\t\t\n\t\t\t\t\t\t\t\t\t<\/div> \n\n\t\t\t\t\t\t \t\t\n\t\t\t\t\t\t\t \t\t\t\t\t\t\t\n\t\t\t<\/div>\n\t\t<\/div>\n\t\t<\/article>\n\t\n\t\t\n\t<\/div>\n<\/div>\t\n<\/div><\/div><\/div><\/div><\/div><\/div><div id=\"pg-3276-3\"  class=\"panel-grid panel-has-style\" ><div class=\"siteorigin-panels-stretch divider-no-animation tablet-1-in-row mobile-1-in-row desktop-default text-light overlay-c1-c2 custom panel-row-style panel-row-style-for-3276-3\" data-stretch-type=\"full\" ><div id=\"pgc-3276-3-0\"  class=\"panel-grid-cell\" ><div id=\"panel-3276-3-0-0\" class=\"so-panel widget widget_sow-editor panel-first-child\" data-index=\"9\" ><div class=\"orion custom mobile-text-center tablets-text-center default panel-widget-style panel-widget-style-for-3276-3-0-0\" ><div class=\"so-widget-sow-editor so-widget-sow-editor-base\">\n<div class=\"siteorigin-widget-tinymce textwidget\">\n\t<div class=\"gtx-body\">NO DEJES TU SALUD PARA DESPU\u00c9S. <strong>SOLICITA UNA CITA<\/strong><\/div>\n<\/div>\n<\/div><\/div><\/div><div id=\"panel-3276-3-0-1\" class=\"so-panel widget widget_orion_empty_space_w panel-last-child\" data-index=\"10\" ><div class=\"orion default panel-widget-style panel-widget-style-for-3276-3-0-1\" ><div class=\"so-widget-orion_empty_space_w so-widget-orion_empty_space_w-base\">\t<div class=\"row empty-space  visible-sm visible-xs\" style=\"height:12px;\">\n\t<\/div><\/div><\/div><\/div><\/div><div id=\"pgc-3276-3-1\"  class=\"panel-grid-cell\" ><div class=\"panel-cell-style panel-cell-style-for-3276-3-1\" ><div id=\"panel-3276-3-1-0\" class=\"so-panel widget widget_orion_button_w panel-first-child panel-last-child\" data-index=\"11\" ><div class=\"orion custom mobile-text-center tablets-text-center default panel-widget-style panel-widget-style-for-3276-3-1-0\" ><div class=\"so-widget-orion_button_w so-widget-orion_button_w-base\">\n\t\t\t<a class=\"btn btn-white icon-right btn-wire btn-md float-right\"  href=\"https:\/\/sanatoriolosreyes.mx\/?post_type=wpcf7_contact_form&#038;p=8\">\n\t\t\tSolicitar una cita<span class=\"sow-icon-fontawesome sow-far\" data-sow-icon=\"&#xf133;\"\n\t\t ><\/span>\t\t\n\t\t<\/a>\n\t\n\n\n\n<\/div><\/div><\/div><\/div><\/div><\/div><\/div><\/div>","protected":false},"excerpt":{"rendered":"<p>Contamos con equipo especializado y m\u00e9dicos capacitados para atender la salud del adulto enfermo. La medicina interna es una especialidad m\u00e9dica que se dedica a la atenci\u00f3n integral del adulto enfermo ingresado en un hospital. El m\u00e9dico que ejerce la especialidad &#8220;medicina interna&#8221; se llama m\u00e9dico internista. Gu\u00eda al enfermo en su compleja trayectoria por<\/p>\n","protected":false},"author":2,"featured_media":0,"parent":968,"menu_order":0,"comment_status":"closed","ping_status":"closed","template":"","meta":{"footnotes":""},"class_list":["post-3276","page","type-page","status-publish","hentry"],"_links":{"self":[{"href":"https:\/\/sanatoriolosreyes.mx\/index.php\/wp-json\/wp\/v2\/pages\/3276","targetHints":{"allow":["GET"]}}],"collection":[{"href":"https:\/\/sanatoriolosreyes.mx\/index.php\/wp-json\/wp\/v2\/pages"}],"about":[{"href":"https:\/\/sanatoriolosreyes.mx\/index.php\/wp-json\/wp\/v2\/types\/page"}],"author":[{"embeddable":true,"href":"https:\/\/sanatoriolosreyes.mx\/index.php\/wp-json\/wp\/v2\/users\/2"}],"replies":[{"embeddable":true,"href":"https:\/\/sanatoriolosreyes.mx\/index.php\/wp-json\/wp\/v2\/comments?post=3276"}],"version-history":[{"count":33,"href":"https:\/\/sanatoriolosreyes.mx\/index.php\/wp-json\/wp\/v2\/pages\/3276\/revisions"}],"predecessor-version":[{"id":3632,"href":"https:\/\/sanatoriolosreyes.mx\/index.php\/wp-json\/wp\/v2\/pages\/3276\/revisions\/3632"}],"up":[{"embeddable":true,"href":"https:\/\/sanatoriolosreyes.mx\/index.php\/wp-json\/wp\/v2\/pages\/968"}],"wp:attachment":[{"href":"https:\/\/sanatoriolosreyes.mx\/index.php\/wp-json\/wp\/v2\/media?parent=3276"}],"curies":[{"name":"wp","href":"https:\/\/api.w.org\/{rel}","templated":true}]}}