{"id":2165,"date":"2017-05-19T13:48:01","date_gmt":"2017-05-19T13:48:01","guid":{"rendered":"http:\/\/dentalia.orionthemes.com\/new-demos\/demo-1\/?page_id=2165"},"modified":"2021-10-07T21:12:02","modified_gmt":"2021-10-07T21:12:02","slug":"quienes-somos","status":"publish","type":"page","link":"https:\/\/sanatoriolosreyes.mx\/index.php\/quienes-somos\/","title":{"rendered":"Quienes somos"},"content":{"rendered":"<div id=\"pl-2165\"  class=\"panel-layout\" ><div id=\"pg-2165-0\"  class=\"panel-grid panel-has-style\" ><div class=\"siteorigin-panels-stretch orion-separator bottom-svg-3 bottom-svg-inside divider-no-animation tablet-1-in-row mobile-1-in-row desktop-default overlay-c1-c2 custom panel-row-style panel-row-style-for-2165-0\" data-stretch-type=\"full\" ><div id=\"pgc-2165-0-0\"  class=\"panel-grid-cell\" ><div id=\"panel-2165-0-0-0\" class=\"so-panel widget widget_orion_heading_w panel-first-child\" data-index=\"0\" ><div class=\"orion custom mobile-text-center default panel-widget-style panel-widget-style-for-2165-0-0-0\" ><div class=\"so-widget-orion_heading_w so-widget-orion_heading_w-base\"> \n\t\t\t<div class=\"row orion-heading\" style=\"margin-bottom:0px;\">\n\t\t<div class=\"col-md-12   text-left style-h1 style-text-light\">\n\t\t\t<h1 class=\"text-light\">\n\t\t\t\t<strong>Nuestra Historia<\/strong>\t\t\t<\/h1>\n\t\t<\/div>\n\t<\/div>\n\n\t<\/div><\/div><\/div><div id=\"panel-2165-0-0-1\" class=\"so-panel widget widget_sow-editor\" data-index=\"1\" ><div class=\"orion custom mobile-text-center text-light panel-widget-style panel-widget-style-for-2165-0-0-1\" ><div class=\"so-widget-sow-editor so-widget-sow-editor-base\">\n<div class=\"siteorigin-widget-tinymce textwidget\">\n\t<h4 class=\"elsevierStylePara\">Nuestra historia se ha podido crear d\u00eda con d\u00eda y con el tiempo hemos vivido grandes momentos de la mano de muchas personas que han confiado en nosotros y ahora son parte de nuestro sanatorio.<\/h4>\n<\/div>\n<\/div><\/div><\/div><div id=\"panel-2165-0-0-2\" class=\"so-panel widget widget_orion_empty_space_w panel-last-child\" data-index=\"2\" ><div class=\"orion custom default panel-widget-style panel-widget-style-for-2165-0-0-2\" ><div class=\"so-widget-orion_empty_space_w so-widget-orion_empty_space_w-base\">\t<div class=\"row empty-space  visible-sm visible-xs\" style=\"height:24px;\">\n\t<\/div><\/div><\/div><\/div><\/div><div id=\"pgc-2165-0-1\"  class=\"panel-grid-cell\" ><div id=\"panel-2165-0-1-0\" class=\"so-panel widget widget_orion_responsive_video_w panel-first-child panel-last-child\" data-index=\"3\" ><div class=\"orion custom default panel-widget-style panel-widget-style-for-2165-0-1-0\" ><div class=\"so-widget-orion_responsive_video_w so-widget-orion_responsive_video_w-base\">\t\t\t<a rel=\"v_69fb33f3ce98c\" data-fancybox=\"v_69fb33f3ce98c\" class=\"swipebox-video swipebox relative\" href=\"https:\/\/www.youtube.com\/watch?v=m-1gFtDMckM\">\n\t\t\t\t\t<img decoding=\"async\" src=\"https:\/\/sanatoriolosreyes.mx\/wp-content\/uploads\/2021\/10\/coronavirus-2-e1633633697171.jpg\" alt=\"Play video\"\/>\n\t\t\t\t\t\t\t<div class=\"play-icon absolute text-light play_style_1\">\n\t\t\t\t\t\t\t\t\t<i class=\"orionicon orionicon-play-circle-o\" aria-hidden=\"true\"><\/i>\n\t\t\t\t\t\t\t<\/div>\n\t\t\t<\/a>\n\t<\/div><\/div><\/div><\/div><\/div><\/div><div id=\"pg-2165-1\"  class=\"panel-grid panel-has-style\" ><div class=\"siteorigin-panels-stretch divider-no-animation tablet-1-in-row mobile-1-in-row desktop-default custom panel-row-style panel-row-style-for-2165-1\" data-stretch-type=\"full\" ><div id=\"pgc-2165-1-0\"  class=\"panel-grid-cell panel-grid-cell-mobile-last\" ><div id=\"panel-2165-1-0-0\" class=\"so-panel widget widget_orion_timeline_w panel-first-child panel-last-child\" data-index=\"4\" ><div class=\"orion custom default panel-widget-style panel-widget-style-for-2165-1-0-0\" ><div class=\"so-widget-orion_timeline_w so-widget-orion_timeline_w-base\">\n<div class=\"timeline text-dark\">\n\t\t\n\t    <div class=\"timeline-item primary-color  highlight\">\n        <div class=\"timeline-year font-2 primary-color primary-color-bg text-center \">\n        <span class=\"text-bold text-light\">1985<\/span>\n        <\/div>\n    \t<div class=\"timeline-content\">\n        \t<h3 class=\"item-title\">Consolidamos &quot;Sanatorio Los Reyes&quot;<\/h3>\n        \t<div class=\"timeline-text text-dark\">En el a\u00f1o 1985 nos consolidamos como el \u201cSanatorio Los Reyes\u201d ofreciendo especialidades como, Trauma-Ortopedia, Urolog\u00eda, Nefrolog\u00eda, Internista-cardiolog\u00eda, intervenciones laparosc\u00f3picas, cirug\u00eda en general.<\/div>\n   \t\t<\/div>\n\t<\/div>\n\t\t\n\t    <div class=\"timeline-item primary-color \">\n        <div class=\"timeline-year font-2 white-rgba white-rgba-bg text-center \">\n        <span class=\" text-dark\">1968<\/span>\n        <\/div>\n    \t<div class=\"timeline-content\">\n        \t<h3 class=\"item-title\">\u00c1rea Quir\u00fargica<\/h3>\n        \t<div class=\"timeline-text text-dark\">Logramos instalar y habilitar el \u00e1rea quir\u00fargica, as\u00ed como hospitalizaci\u00f3n en general.<\/div>\n   \t\t<\/div>\n\t<\/div>\n\t\t\n\t    <div class=\"timeline-item primary-color \">\n        <div class=\"timeline-year font-2 white-rgba white-rgba-bg text-center \">\n        <span class=\" text-dark\">1964<\/span>\n        <\/div>\n    \t<div class=\"timeline-content\">\n        \t<h3 class=\"item-title\">Medicina General<\/h3>\n        \t<div class=\"timeline-text text-dark\">En el a\u00f1o 1964 se ampl\u00eda la atenci\u00f3n medica abarcando \u00e1rea de ginecobstetricia y medicina general.<\/div>\n   \t\t<\/div>\n\t<\/div>\n\t\t\n\t    <div class=\"timeline-item primary-color \">\n        <div class=\"timeline-year font-2 white-rgba white-rgba-bg text-center \">\n        <span class=\" text-dark\">1960<\/span>\n        <\/div>\n    \t<div class=\"timeline-content\">\n        \t<h3 class=\"item-title\">Fundaci\u00f3n<\/h3>\n        \t<div class=\"timeline-text text-dark\">Instituci\u00f3n privada fundada por el Dr. Luis Teodoro Garc\u00eda Morales, iniciando \u00fanicamente con el servicio de consulta externa en el a\u00f1o 1960.<\/div>\n   \t\t<\/div>\n\t<\/div>\n\t<\/div><\/div><\/div><\/div><\/div><div id=\"pgc-2165-1-1\"  class=\"panel-grid-cell panel-grid-cell-empty\" ><\/div><\/div><\/div><div id=\"pg-2165-2\"  class=\"panel-grid panel-has-style\" ><div class=\"siteorigin-panels-stretch orion-separator top-svg-4 top-svg-inside bottom-svg-4 bottom-svg-inside divider-no-animation tablet-1-in-row mobile-1-in-row desktop-default text-light overlay-c2-c1 custom panel-row-style panel-row-style-for-2165-2\" data-siteorigin-parallax=\"{&quot;backgroundUrl&quot;:&quot;https:\\\/\\\/sanatoriolosreyes.mx\\\/wp-content\\\/uploads\\\/2020\\\/09\\\/dentalia-bg-1920x1280-bokeh.jpg&quot;,&quot;backgroundSize&quot;:[1920,1280],&quot;backgroundSizing&quot;:&quot;scaled&quot;,&quot;limitMotion&quot;:&quot;auto&quot;}\" data-stretch-type=\"full\" data-svg-bottom-color=\"#f8f8f8\" ><div id=\"pgc-2165-2-0\"  class=\"panel-grid-cell panel-grid-cell-empty\" ><\/div><div id=\"pgc-2165-2-1\"  class=\"panel-grid-cell panel-grid-cell-mobile-last\" ><div class=\"panel-cell-style panel-cell-style-for-2165-2-1\" ><div id=\"panel-2165-2-1-0\" class=\"so-panel widget widget_orion_testimonial_w panel-first-child panel-last-child\" data-index=\"5\" ><div class=\"orion custom text-light panel-widget-style panel-widget-style-for-2165-2-1-0\" ><div class=\"so-widget-orion_testimonial_w so-widget-orion_testimonial_w-base\">\n<div class=\"orion-testimonial carousel row\">\n\n\n\t<div class=\"wrapper clearfix type-dots has-no-bg\">\t\n\t\t\t\t\t\n\n\t\t<div class=\"owl-carousel owl-theme clearfix\" data-col=\"2\" data-autoplay=\"false\" data-dots=\"1\">\n\t\t\t\n\t\t\t\t\t\t\n\t\t\t\t\t<article class=\"item col-md-12 col-md-12\">\n\t\t\t\t<div class=\"wrapper text-center text-light\" style=' border-radius: 4px; background-color:transparent; padding-bottom:0; padding-top:0;' >\n\t\t\t\t\t\n\t\t\t\t\t\t\t\t\t\t\t<div class=\"image-wrap\">\n\t\t\t\t\t\t\t<img decoding=\"async\" src=\"https:\/\/sanatoriolosreyes.mx\/wp-content\/uploads\/2021\/06\/pediatra-150x150.png\" alt=\"\u00a1Gracias por existir!\" class=\"circle\" >\n\t\t\t\t\t\t<\/div>\n\t\t\t\t\t\n\t\t\t\t\t<h4 class=\"item-title h6\">\n\t\t\t\t\t\t\u00a1Gracias por existir!\t\t\n\t\t\t\t\t<\/h4>\n\t\t\t\t\t<div class=\"col-md-12 separator-style-1 text-center style-text-light\">\n\t\t\t\t\t<\/div>\n\t\t\t\t\t\t\t\t\t\t\t<div class=\"description col-md-12 lead\">\n\t\t\t\t\t\t\tEl Doctor. Luis me atiende desde que nac\u00ed, el es exelente, ahora atiende y revisa a mis dos hijos. Saludos doc. \t\t\t\t\t\t<\/div>\n\t\t\t\t\t\t\t\t\t\t\n\t\t\t\t\t\t\t\t\t\t\t<h6 class=\"team-name\">\n\t\t\t\t\t\t\t<small class=\"font-3\">\n\t\t\t\t\t\t\tAlejandro D\t\t\t\t\t\t\t<\/small>\n\t\t\t\t\t\t<\/h6>\n\t\t\t\t\t\t\t\t\t<\/div>\n\t\t\t<\/article>\n\t\t\t\t\t<article class=\"item col-md-12 col-md-12\">\n\t\t\t\t<div class=\"wrapper text-center text-light\" style=' border-radius: 4px; background-color:transparent; padding-bottom:0; padding-top:0;' >\n\t\t\t\t\t\n\t\t\t\t\t\t\t\t\t\t\t<div class=\"image-wrap\">\n\t\t\t\t\t\t\t<img decoding=\"async\" src=\"https:\/\/sanatoriolosreyes.mx\/wp-content\/uploads\/2021\/06\/cancer1-150x150.png\" alt=\"Mil gracias por sus atenciones\" class=\"circle\" >\n\t\t\t\t\t\t<\/div>\n\t\t\t\t\t\n\t\t\t\t\t<h4 class=\"item-title h6\">\n\t\t\t\t\t\tMil gracias por sus atenciones\t\t\n\t\t\t\t\t<\/h4>\n\t\t\t\t\t<div class=\"col-md-12 separator-style-1 text-center style-text-light\">\n\t\t\t\t\t<\/div>\n\t\t\t\t\t\t\t\t\t\t\t<div class=\"description col-md-12 lead\">\n\t\t\t\t\t\t\tGracias a sus especialistas en oncolog\u00eda hoy tengo a mi mam\u00e1 conmigo.\t\t\t\t\t\t<\/div>\n\t\t\t\t\t\t\t\t\t\t\n\t\t\t\t\t\t\t\t\t\t\t<h6 class=\"team-name\">\n\t\t\t\t\t\t\t<small class=\"font-3\">\n\t\t\t\t\t\t\tFamilia Villafuerte\t\t\t\t\t\t\t<\/small>\n\t\t\t\t\t\t<\/h6>\n\t\t\t\t\t\t\t\t\t<\/div>\n\t\t\t<\/article>\n\t\t\t\t\t<article class=\"item col-md-12 col-md-12\">\n\t\t\t\t<div class=\"wrapper text-center text-light\" style=' border-radius: 4px; background-color:transparent; padding-bottom:0; padding-top:0;' >\n\t\t\t\t\t\n\t\t\t\t\t\t\t\t\t\t\t<div class=\"image-wrap\">\n\t\t\t\t\t\t\t<img decoding=\"async\" src=\"https:\/\/sanatoriolosreyes.mx\/wp-content\/uploads\/2021\/06\/embarazada-150x150.png\" alt=\"Una maravillosa experiencia\" class=\"circle\" >\n\t\t\t\t\t\t<\/div>\n\t\t\t\t\t\n\t\t\t\t\t<h4 class=\"item-title h6\">\n\t\t\t\t\t\tUna maravillosa experiencia\t\t\n\t\t\t\t\t<\/h4>\n\t\t\t\t\t<div class=\"col-md-12 separator-style-1 text-center style-text-light\">\n\t\t\t\t\t<\/div>\n\t\t\t\t\t\t\t\t\t\t\t<div class=\"description col-md-12 lead\">\n\t\t\t\t\t\t\tHasta ahora todo muy bien en mi embarazo, ya estoy en la etapa final y voy a tener a mi beb\u00e9 ah\u00ed, excelente atenci\u00f3n del Doc. Luis y el Doc. Leyte.\t\t\t\t\t\t<\/div>\n\t\t\t\t\t\t\t\t\t\t\n\t\t\t\t\t\t\t\t\t\t\t<h6 class=\"team-name\">\n\t\t\t\t\t\t\t<small class=\"font-3\">\n\t\t\t\t\t\t\tPao G\t\t\t\t\t\t\t<\/small>\n\t\t\t\t\t\t<\/h6>\n\t\t\t\t\t\t\t\t\t<\/div>\n\t\t\t<\/article>\n\t\t\t\t\t<article class=\"item col-md-12 col-md-12\">\n\t\t\t\t<div class=\"wrapper text-center text-light\" style=' border-radius: 4px; background-color:transparent; padding-bottom:0; padding-top:0;' >\n\t\t\t\t\t\n\t\t\t\t\t\t\t\t\t\t\t<div class=\"image-wrap\">\n\t\t\t\t\t\t\t<img decoding=\"async\" src=\"https:\/\/sanatoriolosreyes.mx\/wp-content\/uploads\/2021\/06\/familia-150x150.png\" alt=\"Bondad y gran calidad humana \" class=\"circle\" >\n\t\t\t\t\t\t<\/div>\n\t\t\t\t\t\n\t\t\t\t\t<h4 class=\"item-title h6\">\n\t\t\t\t\t\tBondad y gran calidad humana \t\t\n\t\t\t\t\t<\/h4>\n\t\t\t\t\t<div class=\"col-md-12 separator-style-1 text-center style-text-light\">\n\t\t\t\t\t<\/div>\n\t\t\t\t\t\t\t\t\t\t\t<div class=\"description col-md-12 lead\">\n\t\t\t\t\t\t\tEn si el Doctor Luis es super atento, adem\u00e1s de su bondad es comprensible y sobre todo muy buen doctor con precios accesibles, felicidades doc. Luis.\t\t\t\t\t\t<\/div>\n\t\t\t\t\t\t\t\t\t\t\n\t\t\t\t\t\t\t\t\t\t\t<h6 class=\"team-name\">\n\t\t\t\t\t\t\t<small class=\"font-3\">\n\t\t\t\t\t\t\tArmando R\t\t\t\t\t\t\t<\/small>\n\t\t\t\t\t\t<\/h6>\n\t\t\t\t\t\t\t\t\t<\/div>\n\t\t\t<\/article>\n\t\t\t\t\t\t<\/div> <!-- owl-carousel -->\n\t\t\t\t\t\n\t\t\t\t\t\t<\/div>\t<!-- wrapper -->\n<\/div>\t<!-- testimonials --><\/div><\/div><\/div><\/div><\/div><div id=\"pgc-2165-2-2\"  class=\"panel-grid-cell panel-grid-cell-empty\" ><\/div><\/div><\/div><\/div>","protected":false},"excerpt":{"rendered":"<p>Nuestra historia se ha podido crear d\u00eda con d\u00eda y con el tiempo hemos vivido grandes momentos de la mano de muchas personas que han confiado en nosotros y ahora son parte de nuestro sanatorio.<\/p>\n","protected":false},"author":1,"featured_media":0,"parent":0,"menu_order":0,"comment_status":"closed","ping_status":"closed","template":"","meta":{"footnotes":""},"class_list":["post-2165","page","type-page","status-publish","hentry"],"_links":{"self":[{"href":"https:\/\/sanatoriolosreyes.mx\/index.php\/wp-json\/wp\/v2\/pages\/2165","targetHints":{"allow":["GET"]}}],"collection":[{"href":"https:\/\/sanatoriolosreyes.mx\/index.php\/wp-json\/wp\/v2\/pages"}],"about":[{"href":"https:\/\/sanatoriolosreyes.mx\/index.php\/wp-json\/wp\/v2\/types\/page"}],"author":[{"embeddable":true,"href":"https:\/\/sanatoriolosreyes.mx\/index.php\/wp-json\/wp\/v2\/users\/1"}],"replies":[{"embeddable":true,"href":"https:\/\/sanatoriolosreyes.mx\/index.php\/wp-json\/wp\/v2\/comments?post=2165"}],"version-history":[{"count":51,"href":"https:\/\/sanatoriolosreyes.mx\/index.php\/wp-json\/wp\/v2\/pages\/2165\/revisions"}],"predecessor-version":[{"id":3809,"href":"https:\/\/sanatoriolosreyes.mx\/index.php\/wp-json\/wp\/v2\/pages\/2165\/revisions\/3809"}],"wp:attachment":[{"href":"https:\/\/sanatoriolosreyes.mx\/index.php\/wp-json\/wp\/v2\/media?parent=2165"}],"curies":[{"name":"wp","href":"https:\/\/api.w.org\/{rel}","templated":true}]}}