{"id":1998,"date":"2017-05-18T09:52:43","date_gmt":"2017-05-18T09:52:43","guid":{"rendered":"http:\/\/dentalia.orionthemes.com\/new-demos\/demo-1\/?page_id=1998"},"modified":"2022-01-12T23:11:49","modified_gmt":"2022-01-12T23:11:49","slug":"news","status":"publish","type":"page","link":"https:\/\/sanatoriolosreyes.mx\/index.php\/news\/","title":{"rendered":"Noticias"},"content":{"rendered":"<div id=\"pl-1998\"  class=\"panel-layout\" ><div id=\"pg-1998-0\"  class=\"panel-grid panel-has-style\" ><div class=\"siteorigin-panels-stretch divider-no-animation tablet-default mobile-1-in-row desktop-default custom panel-row-style panel-row-style-for-1998-0\" data-stretch-type=\"full\" data-svg-bottom-color=\"#f8f8f8\" ><div id=\"pgc-1998-0-0\"  class=\"panel-grid-cell\" ><div id=\"panel-1998-0-0-0\" class=\"so-panel widget widget_orion_heading_w panel-first-child\" data-index=\"0\" ><div class=\"orion custom default panel-widget-style panel-widget-style-for-1998-0-0-0\" ><div class=\"so-widget-orion_heading_w so-widget-orion_heading_w-base\"> \n\t\t\t<div class=\"row orion-heading\" style=\"margin-bottom:0px;\">\n\t\t<div class=\"col-md-12   text-center style-h1 style-primary-color\">\n\t\t\t<h1 class=\"primary-color text-bold\">\n\t\t\t\tNoticias y Art\u00edculos\t\t\t<\/h1>\n\t\t<\/div>\n\t<\/div>\n\n\t<\/div><\/div><\/div><div id=\"panel-1998-0-0-1\" class=\"so-panel widget widget_sow-editor\" data-index=\"1\" ><div class=\"orion custom default panel-widget-style panel-widget-style-for-1998-0-0-1\" ><div class=\"so-widget-sow-editor so-widget-sow-editor-base\">\n<div class=\"siteorigin-widget-tinymce textwidget\">\n\t<p class=\"lead\" style=\"text-align: center;\"><em>Tu salud nos importa.<\/em><\/p>\n<\/div>\n<\/div><\/div><\/div><div id=\"panel-1998-0-0-2\" class=\"so-panel widget widget_orion_custom_carousel_w panel-last-child\" data-index=\"2\" ><div class=\"orion custom default panel-widget-style panel-widget-style-for-1998-0-0-2\" ><div class=\"so-widget-orion_custom_carousel_w so-widget-orion_custom_carousel_w-base\">\t<ul class=\"carousel-navigation nav nav-tabs tabs-style-2 text-center\">\n\t\t\t\t\t<li  class=\"active\"  ><a class=\"owl-nav-link font-2\" data-navid=\"CORONAVIRUS190tab_6a03237b5c2a9\" href=\"#CORONAVIRUS190tab_6a03237b5c2a9\"><\/a><\/li>\n\t\t\n\t\t\t\t\t<li  ><a class=\"owl-nav-link font-2\" data-navid=\"INFLUENZA1tab_6a03237b5c2a9\" href=\"#INFLUENZA1tab_6a03237b5c2a9\"><\/a><\/li>\n\t\t\n\t\t\t\t\t<li  ><a class=\"owl-nav-link font-2\" data-navid=\"VACUNAS2tab_6a03237b5c2a9\" href=\"#VACUNAS2tab_6a03237b5c2a9\"><\/a><\/li>\n\t\t\n\t\t<\/ul>\n<div class=\"carousel custom-carousel-wrap row\">\n\t<div class=\"wrapper col-md-12\">\n\t\t<div class=\" owl-carousel owl-theme\" data-col=\"1\" data-autoplay=\"false\" data-dots=\"\" data-owlloop=\"true\" data-hashlisten=\"true\" data-slideby=\"1\">\n\n\t\t\t\t\t\t\t\t\n\t\t\t<div class=\"item  tertiary-color-bg text-light\" data-hash=\"CORONAVIRUS190tab_6a03237b5c2a9\">\n\t\t\t\t\t\n\t\t\t\t\t\t\t\t<div class=\"image\">\t\t\t\t\n\t\t\t\t\t<div class=\"absolute\" style=\"background-image: url(https:\/\/sanatoriolosreyes.mx\/wp-content\/uploads\/2022\/01\/covid.png)\"><\/div>\n\t\t\t\t\t<img decoding=\"async\" src=\"https:\/\/sanatoriolosreyes.mx\/wp-content\/uploads\/2022\/01\/covid.png\" alt=\"CORONAVIRUS 19\" \/>\n\t\t\t\t<\/div>\n\t\t\t\t\t\t\t\t<div class=\"content text-left\">\n\t\n\t\t\t\t\t\t\t\t\t\t<a href=\"https:\/\/coronavirus.gob.mx\/\">\n\t\t\t\t\t\n\t\t\t\t\t<h3 class=\"item-title text-left\">CORONAVIRUS 19<\/h3>\n\n\t\t\t\t\t\t\t\t\t\t<\/a>\n\t\t\t\t\t\t\n\n\t\t\t\t\t<div class=\"subtitle lead text-left\"><\/div>\n\t\t\t\t\t\n\t\t\t\t\t\t\t\t\t\t\t<div class=\"description text-left\">Todos podemos hacer algo para mitigar y contener la expansi\u00f3n de las enfermedades. Lo primero siempre es entender qu\u00e9 son, c\u00f3mo se transmiten y c\u00f3mo afectan.\n\nEn este caso, se trata del coronavirus SARS-COV2. Apareci\u00f3 en China en diciembre pasado y provoca una enfermedad llamada COVID-19, que se ha extendido por el mundo y fue declarada pandemia global por la Organizaci\u00f3n Mundial de la Salud.<\/div>\t\t\t\t\t\n\t\t\t\t\t\n\t\t\t\t\t\t\t\t\t\t<a href=\"https:\/\/coronavirus.gob.mx\/\" class=\"btn btn-flat btn-sm\"> \n\t\t\t\t\t\tRead more \n\t\t\t\t\t<\/a>\t\n\t\t\t\t\t\t\t\n\t\t\t\t<\/div>\n\t\t\t\t\t\t\t\t\t\n\t\t\t<\/div>\n\t\t\t\t\t\t\n\t\t\t<div class=\"item  tertiary-color-bg text-light\" data-hash=\"INFLUENZA1tab_6a03237b5c2a9\">\n\t\t\t\t\t\n\t\t\t\t\t\t\t\t<div class=\"image\">\t\t\t\t\n\t\t\t\t\t<div class=\"absolute\" style=\"background-image: url(https:\/\/sanatoriolosreyes.mx\/wp-content\/uploads\/2022\/01\/INFLUENZA-750x500.jpg)\"><\/div>\n\t\t\t\t\t<img decoding=\"async\" src=\"https:\/\/sanatoriolosreyes.mx\/wp-content\/uploads\/2022\/01\/INFLUENZA-750x500.jpg\" alt=\"INFLUENZA\" \/>\n\t\t\t\t<\/div>\n\t\t\t\t\t\t\t\t<div class=\"content text-left\">\n\t\n\t\t\t\t\t\t\t\t\t\t<a href=\"https:\/\/www.milenio.com\/politica\/comunidad\/casos-influenza-guanajuato-identifican-18-contagios\">\n\t\t\t\t\t\n\t\t\t\t\t<h3 class=\"item-title text-left\">INFLUENZA<\/h3>\n\n\t\t\t\t\t\t\t\t\t\t<\/a>\n\t\t\t\t\t\t\n\n\t\t\t\t\t<div class=\"subtitle lead text-left\"><\/div>\n\t\t\t\t\t\n\t\t\t\t\t\t\t\t\t\t\t<div class=\"description text-left\">Infecci\u00f3n viral com\u00fan que puede ser mortal, especialmente en grupos de alto riesgo.\nLa gripe afecta a los pulmones, la nariz y la garganta. Los ni\u00f1os peque\u00f1os, los adultos de edad avanzada, las mujeres embarazadas y las personas con enfermedades cr\u00f3nicas o un sistema inmunol\u00f3gico d\u00e9bil corren mayor riesgo.\nLos s\u00edntomas incluyen fiebre, escalofr\u00edos, dolores musculares, tos, congesti\u00f3n, secreci\u00f3n nasal, dolor de cabeza y fatiga.\nLa gripe se trata principalmente con descanso y l\u00edquidos para que el cuerpo pueda combatir la infecci\u00f3n por s\u00ed solo. Los analg\u00e9sicos antiinflamatorios de venta libre pueden ayudar con los s\u00edntomas. Una vacuna anual puede prevenir la gripe y limitar sus complicaciones.<\/div>\t\t\t\t\t\n\t\t\t\t\t\n\t\t\t\t\t\t\t\t\t\t<a href=\"https:\/\/www.milenio.com\/politica\/comunidad\/casos-influenza-guanajuato-identifican-18-contagios\" class=\"btn btn-flat btn-sm\"> \n\t\t\t\t\t\tRead more \n\t\t\t\t\t<\/a>\t\n\t\t\t\t\t\t\t\n\t\t\t\t<\/div>\n\t\t\t\t\t\t\t\t\t\n\t\t\t<\/div>\n\t\t\t\t\t\t\n\t\t\t<div class=\"item  tertiary-color-bg text-light\" data-hash=\"VACUNAS2tab_6a03237b5c2a9\">\n\t\t\t\t\t\n\t\t\t\t\t\t\t\t<div class=\"image\">\t\t\t\t\n\t\t\t\t\t<div class=\"absolute\" style=\"background-image: url(https:\/\/sanatoriolosreyes.mx\/wp-content\/uploads\/2022\/01\/VACUNAS-750x500.jpg)\"><\/div>\n\t\t\t\t\t<img decoding=\"async\" src=\"https:\/\/sanatoriolosreyes.mx\/wp-content\/uploads\/2022\/01\/VACUNAS-750x500.jpg\" alt=\"VACUNAS\" \/>\n\t\t\t\t<\/div>\n\t\t\t\t\t\t\t\t<div class=\"content text-left\">\n\t\n\t\t\t\t\t\t\t\t\t\t<a href=\"https:\/\/www.minsalud.gov.co\/salud\/publica\/Vacunacion\/Paginas\/Lo-que-debes-saber-sobre-vacunas.aspx\">\n\t\t\t\t\t\n\t\t\t\t\t<h3 class=\"item-title text-left\">VACUNAS<\/h3>\n\n\t\t\t\t\t\t\t\t\t\t<\/a>\n\t\t\t\t\t\t\n\n\t\t\t\t\t<div class=\"subtitle lead text-left\"><\/div>\n\t\t\t\t\t\n\t\t\t\t\t\t\t\t\t\t\t<div class=\"description text-left\">Las vacunas son muy importantes para el cuidado de la salud de toda la comunidad, ya que son las encargadas de protegernos de numerosas enfermedades muy graves que afectan sobre todo a los ni\u00f1os y a las ni\u00f1as. Las vacunas se obtienen inactivando o debilitando el microorganismo que causa la enfermedad, para que cuando se aplique a una persona, el cuerpo produzca defensas contra esa enfermedad, las cuales lo proteger\u00e1n de padecerla.<\/div>\t\t\t\t\t\n\t\t\t\t\t\n\t\t\t\t\t\t\t\t\t\t<a href=\"https:\/\/www.minsalud.gov.co\/salud\/publica\/Vacunacion\/Paginas\/Lo-que-debes-saber-sobre-vacunas.aspx\" class=\"btn btn-flat btn-sm\"> \n\t\t\t\t\t\tRead more \n\t\t\t\t\t<\/a>\t\n\t\t\t\t\t\t\t\n\t\t\t\t<\/div>\n\t\t\t\t\t\t\t\t\t\n\t\t\t<\/div>\n\t\t\t<\/div>\n\t\n\t\t\t\t\t\n\t\t<\/div>\n<\/div><\/div><\/div><\/div><\/div><\/div><\/div><\/div>","protected":false},"excerpt":{"rendered":"<p>Tu salud nos importa.<\/p>\n","protected":false},"author":1,"featured_media":0,"parent":0,"menu_order":0,"comment_status":"closed","ping_status":"closed","template":"","meta":{"footnotes":""},"class_list":["post-1998","page","type-page","status-publish","hentry"],"_links":{"self":[{"href":"https:\/\/sanatoriolosreyes.mx\/index.php\/wp-json\/wp\/v2\/pages\/1998","targetHints":{"allow":["GET"]}}],"collection":[{"href":"https:\/\/sanatoriolosreyes.mx\/index.php\/wp-json\/wp\/v2\/pages"}],"about":[{"href":"https:\/\/sanatoriolosreyes.mx\/index.php\/wp-json\/wp\/v2\/types\/page"}],"author":[{"embeddable":true,"href":"https:\/\/sanatoriolosreyes.mx\/index.php\/wp-json\/wp\/v2\/users\/1"}],"replies":[{"embeddable":true,"href":"https:\/\/sanatoriolosreyes.mx\/index.php\/wp-json\/wp\/v2\/comments?post=1998"}],"version-history":[{"count":98,"href":"https:\/\/sanatoriolosreyes.mx\/index.php\/wp-json\/wp\/v2\/pages\/1998\/revisions"}],"predecessor-version":[{"id":4101,"href":"https:\/\/sanatoriolosreyes.mx\/index.php\/wp-json\/wp\/v2\/pages\/1998\/revisions\/4101"}],"wp:attachment":[{"href":"https:\/\/sanatoriolosreyes.mx\/index.php\/wp-json\/wp\/v2\/media?parent=1998"}],"curies":[{"name":"wp","href":"https:\/\/api.w.org\/{rel}","templated":true}]}}