{"id":1056,"date":"2016-10-08T18:45:42","date_gmt":"2016-10-08T18:45:42","guid":{"rendered":"http:\/\/dentalia.orionthemes.com\/demo-1\/?page_id=1056"},"modified":"2021-07-30T03:05:05","modified_gmt":"2021-07-30T03:05:05","slug":"ginecologia","status":"publish","type":"page","link":"https:\/\/sanatoriolosreyes.mx\/index.php\/services\/ginecologia\/","title":{"rendered":"Ginecolog\u00eda"},"content":{"rendered":"<div id=\"pl-1056\"  class=\"panel-layout\" ><div id=\"pg-1056-0\"  class=\"panel-grid panel-has-style\" ><div class=\"divider-no-animation tablet-1-in-row mobile-1-in-row desktop-default custom panel-row-style panel-row-style-for-1056-0\" ><div id=\"pgc-1056-0-0\"  class=\"panel-grid-cell\" ><div id=\"panel-1056-0-0-0\" class=\"so-panel widget widget_orion_heading_w panel-first-child\" data-index=\"0\" ><div class=\"orion custom mobile-text-center tablets-text-center default panel-widget-style panel-widget-style-for-1056-0-0-0\" ><div class=\"so-widget-orion_heading_w so-widget-orion_heading_w-base\"> \n\t\t\t<div class=\"row orion-heading\" style=\"margin-bottom:0px;\">\n\t\t<div class=\"col-md-12  separator-style-1 text-left style-h6 style-primary-color\">\n\t\t\t<h6 class=\"primary-color\">\n\t\t\t\tM\u00e9dicos Especialistas en Ginecolog\u00eda\t\t\t<\/h6>\n\t\t<\/div>\n\t<\/div>\n\n\t<\/div><\/div><\/div><div id=\"panel-1056-0-0-1\" class=\"so-panel widget widget_orion_heading_w\" data-index=\"1\" ><div class=\"orion custom mobile-text-center tablets-text-center default panel-widget-style panel-widget-style-for-1056-0-0-1\" ><div class=\"so-widget-orion_heading_w so-widget-orion_heading_w-base\"> \n\t\t\t<div class=\"row orion-heading\" style=\"margin-bottom:0px;\">\n\t\t<div class=\"col-md-12   text-left style-h2 style-text-dark\">\n\t\t\t<h2 class=\"text-dark\">\n\t\t\t\tGinecolog\u00eda\t\t\t<\/h2>\n\t\t<\/div>\n\t<\/div>\n\n\t<\/div><\/div><\/div><div id=\"panel-1056-0-0-2\" class=\"so-panel widget widget_sow-editor\" data-index=\"2\" ><div class=\"orion custom mobile-text-center tablets-text-center default panel-widget-style panel-widget-style-for-1056-0-0-2\" ><div class=\"so-widget-sow-editor so-widget-sow-editor-base\">\n<div class=\"siteorigin-widget-tinymce textwidget\">\n\t<p><strong>Contamos con equipo especializado y m\u00e9dicos capacitados para atender la salud de la mujer de manera integral.<\/strong><\/p>\n<p>Esta especialidad se enfoca en brindar atenci\u00f3n a las mujeres a lo largo de su vida, incluyendo el embarazo y el parto, as\u00ed como diagn\u00f3sticos y tratamientos para enfermedades de los \u00f3rganos reproductores femeninos.<\/p>\n<p>Aunque ambas especialidades trabajan en conjunto, cada una atiende ciertas necesidades. La ginecolog\u00eda se encarga del sistema reproductor femenino, de las enfermedades y la prevenci\u00f3n de \u00e9stas. Entre los tratamientos ginecol\u00f3gicos m\u00e1s frecuentes, se encuentran:<\/p>\n<ul>\n<li>S\u00edndrome del ovario poliqu\u00edstico (SOP)<\/li>\n<li>Esterilidad e infertilidad<\/li>\n<li>Infecciones ginecol\u00f3gicas o de transmisi\u00f3n sexual<\/li>\n<li>Menopausia o climaterio<\/li>\n<\/ul>\n<p>En el caso de la obstetricia, esta especialidad se ocupa del cuidado del embarazo, la atenci\u00f3n del parto y los cuidados postnatales. Los tratamientos obst\u00e9tricos m\u00e1s comunes que se presentan son:<\/p>\n<ul>\n<li>Cuidados de embarazo<\/li>\n<li>Complicaciones de parto o ces\u00e1rea<\/li>\n<li>Preeclampsia y eclampsia severa<\/li>\n<li>Incompatibilidad Rh<\/li>\n<\/ul>\n<p>En Sanatorio Los Reyes contamos con los especialistas m\u00e1s capacitados.<\/p>\n<p>!Ven y con\u00f3cenos\u00a1<\/p>\n<\/div>\n<\/div><\/div><\/div><div id=\"panel-1056-0-0-3\" class=\"so-panel widget widget_orion_empty_space_w panel-last-child\" data-index=\"3\" ><div class=\"orion custom default panel-widget-style panel-widget-style-for-1056-0-0-3\" ><div class=\"so-widget-orion_empty_space_w so-widget-orion_empty_space_w-base\">\t<div class=\"row empty-space  visible-sm visible-xs\" style=\"height:24px;\">\n\t<\/div><\/div><\/div><\/div><\/div><div id=\"pgc-1056-0-1\"  class=\"panel-grid-cell\" ><div id=\"panel-1056-0-1-0\" class=\"so-panel widget widget_orion_image_w panel-first-child panel-last-child\" data-index=\"4\" ><div class=\"orion custom mobile-text-center tablets-text-center default panel-widget-style panel-widget-style-for-1056-0-1-0\" ><div class=\"so-widget-orion_image_w so-widget-orion_image_w-base\">\n<div class=\"image-w relative rounded\">\n\n\t\t\t\t\t\t\t<div class=\"orion_circle image-wrap rounded overlay-none overlay-hover-none\">\n\t\t\n\t\t\t\t<div class=\"circle-wrap\">\n\t\t\t\t\t<img loading=\"lazy\" decoding=\"async\" width=\"750\" height=\"750\" src=\"https:\/\/sanatoriolosreyes.mx\/wp-content\/uploads\/2021\/06\/espe_ginecologia-750x750.jpg\" class=\"attachment-orion_square size-orion_square\" alt=\"\" \/>\t\t\t<div class=\"overlay\"><\/div>\n\t\t\t\t<\/div>\n\t\t\n\t\t\t\t\t<\/div>\n\t\t\t\n\t\n\t<div class=\"absolute\">\n\t\t<div class=\"hover-desc table-wrap\">\n\t\t\t<div class=\"cell-wrap\">\n\t\t\t\t<h4 class=\"text-light\"><\/h4>\n\t\t\t<\/div>\n\t\t<\/div>\n\t<\/div>\t\t\t\t\t\n<\/div>\n\n<\/div><\/div><\/div><\/div><\/div><\/div><div id=\"pg-1056-1\"  class=\"panel-grid panel-has-style\" ><div class=\"siteorigin-panels-stretch divider-no-animation tablet-default mobile-1-in-row desktop-default custom panel-row-style panel-row-style-for-1056-1\" data-stretch-type=\"full\" ><div id=\"pgc-1056-1-0\"  class=\"panel-grid-cell\" ><div id=\"panel-1056-1-0-0\" class=\"so-panel widget widget_orion_icon_text_w panel-first-child panel-last-child\" data-index=\"5\" ><div class=\"orion custom default panel-widget-style panel-widget-style-for-1056-1-0-0\" ><div class=\"so-widget-orion_icon_text_w so-widget-orion_icon_text_w-base\">\n<div class=\"row icon-box-items-wrap grid icon-top\">\n \n\t\n\t\t\n\t\t\n\t\t\t\t\n\t\t\n\t\t<div class=\"icon-box-wrap clearfix col-lg-3 col-sm-6 text-dark\" style=\"margin-bottom:60px;\">\t\t\n\n\t\t\t\t\t\t\t\t\t\t<div class=\"icon-wrap relative circle\">\n\t\t\t\t\t<span class=\"sow-icon-elegantline\" data-sow-icon=\"&#xe04a;\"\n\t\tstyle=\"color: #00bcd4; background-color: #ffffff\" ><\/span>\t\t\t\t\t\t\t\t\t<\/div>\n\t\t\t\n\t\t\t<h4 class=\"item-title h6\">Esterilidad e infertilidad<\/h4>\t\t\t\n\n\t\t\t\t\t\t<span class=\"description\">Disponemos de una amplia gama de t\u00e9cnicas de reproducci\u00f3n asistida para hacer posible el milagro de la vida.<\/span>\n\t\t\t\n\t\t<\/div>\n\t\n\t\t\n\t\t\n\t\t\t\t\n\t\t\n\t\t<div class=\"icon-box-wrap clearfix col-lg-3 col-sm-6 text-dark\" style=\"margin-bottom:60px;\">\t\t\n\n\t\t\t\t\t\t\t\t\t\t<div class=\"icon-wrap relative circle\">\n\t\t\t\t\t<span class=\"sow-icon-dentalicons\" data-sow-icon=\"&#xe800;\"\n\t\tstyle=\"color: #00bcd4; background-color: #ffffff\" ><\/span>\t\t\t\t\t\t\t\t\t<\/div>\n\t\t\t\n\t\t\t<h4 class=\"item-title h6\">Infecciones ginecol\u00f3gicas<\/h4>\t\t\t\n\n\t\t\t\t\t\t<span class=\"description\">Tratamos las desde infecciones comunes hasta enfermedades de transmisi\u00f3n sexual<\/span>\n\t\t\t\n\t\t<\/div>\n\t\n\t\t\n\t\t\n\t\t\t\t\n\t\t\n\t\t<div class=\"icon-box-wrap clearfix col-lg-3 col-sm-6 text-dark\" style=\"margin-bottom:60px;\">\t\t\n\n\t\t\t\t\t\t\t\t\t\t<div class=\"icon-wrap relative circle\">\n\t\t\t\t\t<span class=\"sow-icon-dentalicons3\" data-sow-icon=\"&#xe916;\"\n\t\tstyle=\"color: #00bcd4; background-color: #ffffff\" ><\/span>\t\t\t\t\t\t\t\t\t<\/div>\n\t\t\t\n\t\t\t<h4 class=\"item-title h6\">Menopausia<\/h4>\t\t\t\n\n\t\t\t\t\t\t<span class=\"description\">Ponemos a tu disposici\u00f3n tratamientos de vanguardia para ayudarte a superar con \u00e9xito esta etapa de tu vida.<\/span>\n\t\t\t\n\t\t<\/div>\n\t\n\t\t\n\t\t\n\t\t\t\t\n\t\t\n\t\t<div class=\"icon-box-wrap clearfix col-lg-3 col-sm-6 text-dark\" style=\"margin-bottom:60px;\">\t\t\n\n\t\t\t\t\t\t\t\t\t\t<div class=\"icon-wrap relative circle\">\n\t\t\t\t\t<span class=\"sow-icon-dentalicons\" data-sow-icon=\"&#xe811;\"\n\t\tstyle=\"color: #00bcd4; background-color: #ffffff\" ><\/span>\t\t\t\t\t\t\t\t\t<\/div>\n\t\t\t\n\t\t\t<h4 class=\"item-title h6\">Cuidados de tu embarazo<\/h4>\t\t\t\n\n\t\t\t\t\t\t<span class=\"description\">Prevenci\u00f3n, Detecci\u00f3n Temprana y Tratamiento de las Complicaciones del Embarazo.<\/span>\n\t\t\t\n\t\t<\/div>\n\t\n<\/div><\/div><\/div><\/div><\/div><\/div><\/div><div id=\"pg-1056-2\"  class=\"panel-grid panel-has-style\" ><div class=\"divider-no-animation tablet-1-in-row mobile-1-in-row desktop-default custom panel-row-style panel-row-style-for-1056-2\" ><div id=\"pgc-1056-2-0\"  class=\"panel-grid-cell\" ><div id=\"panel-1056-2-0-0\" class=\"so-panel widget widget_orion_pricelist_w panel-first-child panel-last-child\" data-index=\"6\" ><div class=\"orion custom default panel-widget-style panel-widget-style-for-1056-2-0-0\" ><div class=\"so-widget-orion_pricelist_w so-widget-orion_pricelist_w-base\">\n<div class=\"orion-pricelist row \">\n\t\t\n\n\t\t\t<div class=\"item col-md-12\">\n\t\t\t<div class=\"title \">\n\t\t\t\t<h6 class=\"item-title \"  >\n\t\t\t\t\tCita de primera vez\t\t\n\t\t\t\t<\/h6>\n\n\t\t\t\t\t\t\t\t\t\t\t\t\t\t<h6 class=\"price item-title text-right highlight\" >\n\t\t\t\t\t\t\n\t\t\t\t\t\t\t\t\t\t\t\t\t<span class=\"highlight-wrap\">\n\t\t\t\t\t\t\t\t<span class=\"highlight-innerwrap\">\n\t\t\t\t\t\t\t\t\t\t\t\t\t$500\t\t\t\t\t\t\t\t\t\t\t\t\t\t<\/span>\n\t\t\t\t\t\t\t<\/span>\n\t\t\t\t\t\t\t\t\t\t\t\t\n\t\t\t\t\t\t\t\n\t\t\t\t\t\t<\/h6>\n\t\t\t\t\t\t\t<\/div>\n\n\t\t\t<div class=\"description\" >\n\t\t\t\t<p>Cita de valoraci\u00f3n y apertura de expediente<\/p>\n\t\t\t<\/div>\n\t\t<\/div>\n\t\t\t<div class=\"item col-md-12\">\n\t\t\t<div class=\"title \">\n\t\t\t\t<h6 class=\"item-title \"  >\n\t\t\t\t\tPapanicolaou + Colposcop\u00eda\t\t\n\t\t\t\t<\/h6>\n\n\t\t\t\t\t\t\t\t\t\t\t\t\t\t<h6 class=\"price item-title text-right\" >\n\t\t\t\t\t\t\n\t\t\t\t\t\t\t\t\t\t\t\t\t$65\t\t\t\t\t\t\t\t\t\t\t\t\n\t\t\t\t\t\t\t\n\t\t\t\t\t\t<\/h6>\n\t\t\t\t\t\t\t<\/div>\n\n\t\t\t<div class=\"description\" >\n\t\t\t\t<p>Incluye consulta<\/p>\n\t\t\t<\/div>\n\t\t<\/div>\n\t\t\t<div class=\"item col-md-12\">\n\t\t\t<div class=\"title \">\n\t\t\t\t<h6 class=\"item-title \"  >\n\t\t\t\t\tColposcop\u00eda\t\t\n\t\t\t\t<\/h6>\n\n\t\t\t\t\t\t\t\t\t\t\t\t\t\t<h6 class=\"price item-title text-right\" >\n\t\t\t\t\t\t\n\t\t\t\t\t\t\t\t\t\t\t\t\t$99\t\t\t\t\t\t\t\t\t\t\t\t\n\t\t\t\t\t\t\t\n\t\t\t\t\t\t<\/h6>\n\t\t\t\t\t\t\t<\/div>\n\n\t\t\t<div class=\"description\" >\n\t\t\t\tIncluye consulta\t\t\t<\/div>\n\t\t<\/div>\n\t\t\t<div class=\"item col-md-12\">\n\t\t\t<div class=\"title \">\n\t\t\t\t<h6 class=\"item-title \"  >\n\t\t\t\t\tPromoci\u00f3n Paquete Integral\t\t\n\t\t\t\t<\/h6>\n\n\t\t\t\t\t\t\t\t\t\t\t\t\t\t<h6 class=\"price item-title text-right\" >\n\t\t\t\t\t\t\n\t\t\t\t\t\t\t\t\t\t\t\t\t$1500\t\t\t\t\t\t\t\t\t\t\t\t\n\t\t\t\t\t\t\t\n\t\t\t\t\t\t<\/h6>\n\t\t\t\t\t\t\t<\/div>\n\n\t\t\t<div class=\"description\" >\n\t\t\t\t<p>Consulta + Papanicolaou + Colposcop\u00eda + Ultrasonido P\u00e9lvico+ Exploraci\u00f3n Mamari<\/p>\n\t\t\t<\/div>\n\t\t<\/div>\n\t<\/div><\/div><\/div><\/div><\/div><div id=\"pgc-1056-2-1\"  class=\"panel-grid-cell\" ><div id=\"panel-1056-2-1-0\" class=\"so-panel widget widget_sow-editor panel-first-child\" data-index=\"7\" ><div class=\"orion custom default panel-widget-style panel-widget-style-for-1056-2-1-0\" ><div class=\"so-widget-sow-editor so-widget-sow-editor-base\"><h3 class=\"widget-title\">FORMAS DE PAGO<\/h3>\n<div class=\"siteorigin-widget-tinymce textwidget\">\n\t<p>Pago con tarjeta (d\u00e9bito y cr\u00e9dito)<br \/>\n\u2013 El paciente se presenta directamente en la caja del hospital y puede realizar el pago con tarjetas bancarias VISA o MASTERCARD.<br \/>\n\u2013 Tarjeta de cr\u00e9dito Bancomer (promoci\u00f3n 3 y 6 meses sin inter\u00e9s).<br \/>\n- Prepago v\u00eda transferencia bancaria. N\u00b0 de cuenta: XXXXXXXXX<br \/>\n*Antes de la consulta se te solicitar\u00e1 comprobante de transferencia electr\u00f3nica o voucher*<\/p>\n<\/div>\n<\/div><\/div><\/div><div id=\"panel-1056-2-1-1\" class=\"so-panel widget widget_orion_dividers_w\" data-index=\"8\" ><div class=\"orion custom default panel-widget-style panel-widget-style-for-1056-2-1-1\" ><div class=\"so-widget-orion_dividers_w so-widget-orion_dividers_w-base\">\t<hr style=\"border-top-width:1px; border-top-color:rgba(242,242,242,1); border-style: solid; width: 100%;  margin-top:23px; margin-bottom:36px;\"><\/div><\/div><\/div><div id=\"panel-1056-2-1-2\" class=\"so-panel widget widget_sow-editor panel-last-child\" data-index=\"9\" ><div class=\"orion custom default panel-widget-style panel-widget-style-for-1056-2-1-2\" ><div class=\"so-widget-sow-editor so-widget-sow-editor-base\"><h3 class=\"widget-title\">CONSULTAS ONLINE POR $350<\/h3>\n<div class=\"siteorigin-widget-tinymce textwidget\">\n\t<p>En apoyo a tu econom\u00eda los d\u00edas Lunes a Viernes ofrecemos un paquete ginecol\u00f3gico online <strong>por solo $350 MXN<\/strong>.<\/p>\n<p> Consulta online a trav\u00e9s de la aplicaci\u00f3n \"Zoom\" con ginec\u00f3loga certificada.<br \/>\n Duraci\u00f3n de 30 minutos m\u00e1ximo.<br \/>\n Receta con medicamentos. (Se enviar\u00e1 v\u00eda e-mail, WhatsApp, o en caso de ser necesario podr\u00e1s acudir a recoger la receta a la sucursal m\u00e1s cercana sin costo extra.<\/p>\n<\/div>\n<\/div><\/div><\/div><\/div><\/div><\/div><div id=\"pg-1056-3\"  class=\"panel-grid panel-has-style\" ><div class=\"divider-no-animation tablet-default mobile-default desktop-default custom panel-row-style panel-row-style-for-1056-3\" ><div id=\"pgc-1056-3-0\"  class=\"panel-grid-cell\" ><div id=\"panel-1056-3-0-0\" class=\"so-panel widget widget_sow-editor panel-first-child\" data-index=\"10\" ><div class=\"orion custom default panel-widget-style panel-widget-style-for-1056-3-0-0\" ><div class=\"so-widget-sow-editor so-widget-sow-editor-base\">\n<div class=\"siteorigin-widget-tinymce textwidget\">\n\t<h3 style=\"text-align: center;\">CONOCE NUESTROS ESPECIALISTAS EN GINECOLOG\u00cdA<\/h3>\n<\/div>\n<\/div><\/div><\/div><div id=\"panel-1056-3-0-1\" class=\"so-panel widget widget_orion_team_w panel-last-child\" data-index=\"11\" ><div class=\"orion custom default panel-widget-style panel-widget-style-for-1056-3-0-1\" ><div class=\"so-widget-orion_team_w so-widget-orion_team_w-base\"><div class=\"row team-members grid top-nav\">\n\n<div class=\"wrapper\">\n\n\t\n\t\t\t\t\t\t\t<article class=\"item col-md-3 col-sm-6\">\n\t\t\t<div class=\"wrap\" style=\"background-color: transparent\">\n\t\t\t\t<header class=\"entry-header \" >\n\t\t\t\t\t\t\t\t\t\t\t\t\t\t\t\t<a href=\"https:\/\/sanatoriolosreyes.mx\/index.php\/team-member\/dr-roberto-manuel-davila-carrillo\/\" class=\"image-wrap overlay-greyscale overlay-hover-none scale-zoomin orion_portrait\">\n\t\t\t\t\t\t\t\t\t\t\t\t\t\t\t<img loading=\"lazy\" decoding=\"async\" width=\"500\" height=\"500\" src=\"https:\/\/sanatoriolosreyes.mx\/wp-content\/uploads\/2016\/10\/dr-3.png\" class=\"attachment-orion_portrait size-orion_portrait wp-post-image\" alt=\"\" \/>\t\t\t\t\t\t\t\t<div class=\"overlay\"><\/div>\n\t\t\t\t\t\t\t\t\t\t\t\t\t<\/a>\n\t\t\t\t\t\t\t\t\t\t\t\n\t\t\t\t<\/header>\t\n\t\t\t<div class=\"entry-content vcard  no_bg_color has_border\">\n\t\t\t\t<div class=\"basic-info\">\n\t\t\t\t\t \n\t\t\t\t\t\t<div class=\"departments\">\t\n\t\t\t\t\t\t\t \n\t\t\t\t\t\t        \t\t\t\t\t\t        \t\t\t\t\t\t\t\t\t\t\n\t\t\t\t\t\t\t\t<a class=\"font-3 small category primary-hover primary-color\" href=\"https:\/\/sanatoriolosreyes.mx\/index.php\/department\/ginecologia\/\">Ginecolog\u00eda<\/a>\n\t\t\t\t\t\t        \t\t\t\t\t\t\t\t\t\t\t\t    <\/div>\t\n\t\t\t\t    \n\t\t\t\t    \t\t\t\t\t\t<a title=\"Dr. Roberto Manuel D\u00e1vila Carrillo\" class=\"primary-hover\" href=\"https:\/\/sanatoriolosreyes.mx\/index.php\/team-member\/dr-roberto-manuel-davila-carrillo\/\"> <h2 class=\"item-title h5 \"> Dr. Roberto Manuel D\u00e1vila Carrillo<\/h2>\n\t\t\t\t\t\t<\/a>\n\t\t\t\t\t\t\t\t\t\n\t\t\t\t\t\t\t\t\t\t\t\t\t\t\t\t<div class=\"additional-title small\">\n\t\t\t\t\t\t\tGinecolog\u00eda\t\t\t\t\t\t<\/div>\n\t\t\t\t\t\n\t\t\t\t\t\t\t\t\t<\/div> \n\n\t\t\t\t\t\t \t\t\n\t\t\t\t\t\t\t \t\t\t\t\t\t\t\n\t\t\t<\/div>\n\t\t<\/div>\n\t\t<\/article>\n\t\n\t\t\n\t<\/div>\n<\/div>\t\n<\/div><\/div><\/div><\/div><\/div><\/div><div id=\"pg-1056-4\"  class=\"panel-grid panel-has-style\" ><div class=\"siteorigin-panels-stretch divider-no-animation tablet-1-in-row mobile-1-in-row desktop-default text-light overlay-c1-c2 custom panel-row-style panel-row-style-for-1056-4\" data-stretch-type=\"full\" ><div id=\"pgc-1056-4-0\"  class=\"panel-grid-cell\" ><div id=\"panel-1056-4-0-0\" class=\"so-panel widget widget_sow-editor panel-first-child\" data-index=\"12\" ><div class=\"orion custom mobile-text-center tablets-text-center default panel-widget-style panel-widget-style-for-1056-4-0-0\" ><div class=\"so-widget-sow-editor so-widget-sow-editor-base\">\n<div class=\"siteorigin-widget-tinymce textwidget\">\n\t<div class=\"gtx-body\">NO DEJES TU SALUD PARA DESPU\u00c9S. <strong>SOLICITA UNA CITA<\/strong><\/div>\n<\/div>\n<\/div><\/div><\/div><div id=\"panel-1056-4-0-1\" class=\"so-panel widget widget_orion_empty_space_w panel-last-child\" data-index=\"13\" ><div class=\"orion default panel-widget-style panel-widget-style-for-1056-4-0-1\" ><div class=\"so-widget-orion_empty_space_w so-widget-orion_empty_space_w-base\">\t<div class=\"row empty-space  visible-sm visible-xs\" style=\"height:12px;\">\n\t<\/div><\/div><\/div><\/div><\/div><div id=\"pgc-1056-4-1\"  class=\"panel-grid-cell\" ><div class=\"panel-cell-style panel-cell-style-for-1056-4-1\" ><div id=\"panel-1056-4-1-0\" class=\"so-panel widget widget_orion_button_w panel-first-child panel-last-child\" data-index=\"14\" ><div class=\"orion custom mobile-text-center tablets-text-center default panel-widget-style panel-widget-style-for-1056-4-1-0\" ><div class=\"so-widget-orion_button_w so-widget-orion_button_w-base\">\n\t\t\t<a class=\"btn btn-white icon-right btn-wire btn-md float-right\"  href=\"https:\/\/sanatoriolosreyes.mx\/?post_type=wpcf7_contact_form&#038;p=8\">\n\t\t\tSolicitar una cita<span class=\"sow-icon-fontawesome sow-far\" data-sow-icon=\"&#xf133;\"\n\t\t ><\/span>\t\t\n\t\t<\/a>\n\t\n\n\n\n<\/div><\/div><\/div><\/div><\/div><\/div><\/div><\/div>","protected":false},"excerpt":{"rendered":"<p>Family dentistry is for patients of all ages offering complete, comprehensive dental care.<\/p>\n","protected":false},"author":1,"featured_media":0,"parent":968,"menu_order":0,"comment_status":"closed","ping_status":"closed","template":"","meta":{"footnotes":""},"class_list":["post-1056","page","type-page","status-publish","hentry"],"_links":{"self":[{"href":"https:\/\/sanatoriolosreyes.mx\/index.php\/wp-json\/wp\/v2\/pages\/1056","targetHints":{"allow":["GET"]}}],"collection":[{"href":"https:\/\/sanatoriolosreyes.mx\/index.php\/wp-json\/wp\/v2\/pages"}],"about":[{"href":"https:\/\/sanatoriolosreyes.mx\/index.php\/wp-json\/wp\/v2\/types\/page"}],"author":[{"embeddable":true,"href":"https:\/\/sanatoriolosreyes.mx\/index.php\/wp-json\/wp\/v2\/users\/1"}],"replies":[{"embeddable":true,"href":"https:\/\/sanatoriolosreyes.mx\/index.php\/wp-json\/wp\/v2\/comments?post=1056"}],"version-history":[{"count":59,"href":"https:\/\/sanatoriolosreyes.mx\/index.php\/wp-json\/wp\/v2\/pages\/1056\/revisions"}],"predecessor-version":[{"id":3080,"href":"https:\/\/sanatoriolosreyes.mx\/index.php\/wp-json\/wp\/v2\/pages\/1056\/revisions\/3080"}],"up":[{"embeddable":true,"href":"https:\/\/sanatoriolosreyes.mx\/index.php\/wp-json\/wp\/v2\/pages\/968"}],"wp:attachment":[{"href":"https:\/\/sanatoriolosreyes.mx\/index.php\/wp-json\/wp\/v2\/media?parent=1056"}],"curies":[{"name":"wp","href":"https:\/\/api.w.org\/{rel}","templated":true}]}}