{"id":1046,"date":"2016-10-08T18:36:59","date_gmt":"2016-10-08T18:36:59","guid":{"rendered":"http:\/\/dentalia.orionthemes.com\/demo-1\/?page_id=1046"},"modified":"2021-10-07T22:49:33","modified_gmt":"2021-10-07T22:49:33","slug":"preguntas-frecuentes-de-salud","status":"publish","type":"page","link":"https:\/\/sanatoriolosreyes.mx\/index.php\/preguntas-frecuentes-de-salud\/","title":{"rendered":"Preguntas frecuentes de salud"},"content":{"rendered":"<div id=\"pl-1046\"  class=\"panel-layout\" ><div id=\"pg-1046-0\"  class=\"panel-grid panel-has-style\" ><div class=\"divider-no-animation tablet-default mobile-1-in-row desktop-default text-dark custom panel-row-style panel-row-style-for-1046-0\" style=\"background-position: right bottom; background-repeat: no-repeat; background-size:contain;\" data-svg-bottom-color=\"#ffffff\" ><div id=\"pgc-1046-0-0\"  class=\"panel-grid-cell\" ><div id=\"panel-1046-0-0-0\" class=\"so-panel widget widget_sow-editor panel-first-child\" data-index=\"0\" ><div class=\"orion custom default panel-widget-style panel-widget-style-for-1046-0-0-0\" ><div class=\"so-widget-sow-editor so-widget-sow-editor-base\"><h3 class=\"widget-title\">\u00bfC\u00f3mo puedo concertar una cita?<\/h3>\n<div class=\"siteorigin-widget-tinymce textwidget\">\n\t<p><span style=\"vertical-align: inherit;\"><span style=\"vertical-align: inherit;\">Puede sacar una cita desde esta p\u00e1gina, registrando sus datos necesarios o por medio de una llamada telef\u00f3nica al siguiente n\u00famero (55) 5582 9996<\/span><\/span><\/p>\n<\/div>\n<\/div><\/div><\/div><div id=\"panel-1046-0-0-1\" class=\"so-panel widget widget_sow-editor panel-last-child\" data-index=\"1\" ><div class=\"orion custom default panel-widget-style panel-widget-style-for-1046-0-0-1\" ><div class=\"so-widget-sow-editor so-widget-sow-editor-base\"><h3 class=\"widget-title\">\u00bfCu\u00e1nto cuesta una consulta?<\/h3>\n<div class=\"siteorigin-widget-tinymce textwidget\">\n\t<p>El precio de la consulta depende de cada medico, pero cada uno de los precios son accesibles.<\/p>\n<\/div>\n<\/div><\/div><\/div><\/div><div id=\"pgc-1046-0-1\"  class=\"panel-grid-cell\" ><div id=\"panel-1046-0-1-0\" class=\"so-panel widget widget_sow-editor panel-first-child\" data-index=\"2\" ><div class=\"orion custom default panel-widget-style panel-widget-style-for-1046-0-1-0\" ><div class=\"so-widget-sow-editor so-widget-sow-editor-base\"><h3 class=\"widget-title\">\u00bfOfrecen seguros?<\/h3>\n<div class=\"siteorigin-widget-tinymce textwidget\">\n\t<p>Para obtener informaci\u00f3n acerca de los seguros o servicios que se prestan comunicarse al siguiente n\u00famero (55) 5582 9996<\/p>\n<\/div>\n<\/div><\/div><\/div><div id=\"panel-1046-0-1-1\" class=\"so-panel widget widget_sow-editor panel-last-child\" data-index=\"3\" ><div class=\"orion custom default panel-widget-style panel-widget-style-for-1046-0-1-1\" ><div class=\"so-widget-sow-editor so-widget-sow-editor-base\"><h3 class=\"widget-title\">\u00bfD\u00f3nde est\u00e1 ubicada la cl\u00ednica?<\/h3>\n<div class=\"siteorigin-widget-tinymce textwidget\">\n\t<p>Av. Jos\u00e9 Mar\u00eda Morelos #22, Los Reyes Culhuac\u00e1n, Iztapalapa, 09840 Ciudad de M\u00e9xico, CDMX.<\/p>\n<\/div>\n<\/div><\/div><\/div><\/div><div id=\"pgc-1046-0-2\"  class=\"panel-grid-cell\" ><div id=\"panel-1046-0-2-0\" class=\"so-panel widget widget_sow-editor panel-first-child\" data-index=\"4\" ><div class=\"orion custom default panel-widget-style panel-widget-style-for-1046-0-2-0\" ><div class=\"so-widget-sow-editor so-widget-sow-editor-base\"><h3 class=\"widget-title\">\u00bfNecesito ser referido por un m\u00e9dico?<\/h3>\n<div class=\"siteorigin-widget-tinymce textwidget\">\n\t<p>No necesariamente, nosotros evaluamos y diagnosticamos su caso<\/p>\n<\/div>\n<\/div><\/div><\/div><div id=\"panel-1046-0-2-1\" class=\"so-panel widget widget_sow-editor panel-last-child\" data-index=\"5\" ><div class=\"orion custom default panel-widget-style panel-widget-style-for-1046-0-2-1\" ><div class=\"so-widget-sow-editor so-widget-sow-editor-base\"><h3 class=\"widget-title\">\u00bfQu\u00e9 opciones de pago ofrece?<\/h3>\n<div class=\"siteorigin-widget-tinymce textwidget\">\n\t<p>Puede realizar su pago en efectivo o transferencia electr\u00f3nica<\/p>\n<\/div>\n<\/div><\/div><\/div><\/div><\/div><\/div><div id=\"pg-1046-1\"  class=\"panel-grid panel-has-style\" ><div class=\"siteorigin-panels-stretch divider-no-animation tablet-default mobile-1-in-row desktop-default text-dark custom panel-row-style panel-row-style-for-1046-1\" style=\"background-position: right bottom; background-repeat: no-repeat; background-size:contain;\" data-stretch-type=\"full\" data-svg-bottom-color=\"#ffffff\" ><div id=\"pgc-1046-1-0\"  class=\"panel-grid-cell\" ><div id=\"panel-1046-1-0-0\" class=\"so-panel widget widget_orion_accordion_w panel-first-child panel-last-child\" data-index=\"6\" ><div class=\"orion custom default panel-widget-style panel-widget-style-for-1046-1-0-0\" ><div class=\"so-widget-orion_accordion_w so-widget-orion_accordion_w-base\">\t\n\n\t<div class=\"panel-group \" role=\"tablist\" aria-multiselectable=\"true\" id=\"acc_6a0323b080c88\">\n\t\t\n\t\t\t\t\t\t\t\t\n\t\t\t\n\t\t<div class=\"panel panel-default\" style=\"border-color:#f2f2f2; background:rgba(255,255,255,1)\">\n\t\t\t<div class=\"panel-heading\" role=\"tab\" id=\"Qutiempoduraelprocedimientodelascesaras6a0323b080cb8\">\n\t\t\t\t<h4 class=\"panel-title\">\n\t\t\t\t\t<a role=\"button\" data-toggle=\"collapse\" href=\"#Qutiempoduraelprocedimientodelascesaras6a0323b080cb8-panel\" class=\"not-collapsed primary-hover\" aria-expanded=\"true\" aria-controls=\"Qutiempoduraelprocedimientodelascesaras6a0323b080cb8\" data-parent=\"#acc_6a0323b080c88\" style=\"border-color:#f2f2f2;\">\n\t\t\t\t\t  \t\n\t\t\t\t\t  \t\u00bfQu\u00e9 tiempo dura el procedimiento de las cesar\u00edas?\t\t\t\t\t<\/a>\n\t\t\t\t<\/h4>\n\n\t\t\t<\/div>\n\t\t\t<div class=\"panel-collapse collapse in\" id=\"Qutiempoduraelprocedimientodelascesaras6a0323b080cb8-panel\" aria-expanded=\"false\" role=\"tabpanel\" aria-labelledby=\"Qutiempoduraelprocedimientodelascesaras6a0323b080cb8\">\n\t\t\t\t<div class=\"panel-body\" style=\"border-color:#f2f2f2;\">\n\t\t\t\t\t<p>El tiempo medio estimado desde el inicio de la intervenci\u00f3n hasta el nacimiento del beb\u00e9 suele ser de unos 7 minutos, aunque la intervenci\u00f3n en s\u00ed suele durar entre 30 y 60 minutos en total (aunque depender\u00e1 de las circunstancias y los eventos que vayan surgiendo durante el procedimiento.<\/p>\n<p><a class=\"btn btn-md btn-flat \" href=\"#\">ces\u00e1reas<\/a><\/p>\n\t\t\t\t<\/div>\n\t\t\t<\/div>\n\t\t<\/div>\n\t\t\t\t\t\t\n\t\t\t\n\t\t<div class=\"panel panel-default\" style=\"border-color:#f2f2f2; background:rgba(255,255,255,1)\">\n\t\t\t<div class=\"panel-heading\" role=\"tab\" id=\"Qucausalosclculosrenales6a0323b080d38\">\n\t\t\t\t<h4 class=\"panel-title\">\n\t\t\t\t\t<a role=\"button\" data-toggle=\"collapse\" href=\"#Qucausalosclculosrenales6a0323b080d38-panel\" class=\"collapsed primary-hover\" aria-expanded=\"false\" aria-controls=\"Qucausalosclculosrenales6a0323b080d38\" data-parent=\"#acc_6a0323b080c88\" style=\"border-color:#f2f2f2;\">\n\t\t\t\t\t  \t\n\t\t\t\t\t  \t\u00bfQu\u00e9 causa los c\u00e1lculos renales?\t\t\t\t\t<\/a>\n\t\t\t\t<\/h4>\n\n\t\t\t<\/div>\n\t\t\t<div class=\"panel-collapse collapse \" id=\"Qucausalosclculosrenales6a0323b080d38-panel\" aria-expanded=\"false\" role=\"tabpanel\" aria-labelledby=\"Qucausalosclculosrenales6a0323b080d38\">\n\t\t\t\t<div class=\"panel-body\" style=\"border-color:#f2f2f2;\">\n\t\t\t\t\t<p>Cuando no hay suficiente agua para diluir el \u00e1cido \u00farico, un componente de la orina, la orina se pone m\u00e1s \u00e1cida. Y esto puede conducir a la formaci\u00f3n de c\u00e1lculos o piedras renales. Una causa principal de los c\u00e1lculos renales, sin importar el tipo, es la deshidrataci\u00f3n. Cualquier persona que tenga tendencia a producir c\u00e1lculos renales debe ponerle atenci\u00f3n a la buena hidrataci\u00f3n. La directriz de la American Urological Association para el manejo de los c\u00e1lculos renales recomienda que los pacientes que formen c\u00e1lculos renales deben tratar de beber m\u00e1s de 2.5 litros de l\u00edquido diariamente<\/p>\n<p>&nbsp;<\/p>\n<p><a class=\"btn btn-md btn-flat \" href=\"#\"><span style=\"vertical-align: inherit\"><span style=\"vertical-align: inherit\">c\u00e1lculos renales<\/span><\/span><\/a><\/p>\n\t\t\t\t<\/div>\n\t\t\t<\/div>\n\t\t<\/div>\n\t\t\t\t\t\t\n\t\t\t\n\t\t<div class=\"panel panel-default\" style=\"border-color:#f2f2f2; background:rgba(255,255,255,1)\">\n\t\t\t<div class=\"panel-heading\" role=\"tab\" id=\"Cuntotiempoduralainfluenza6a0323b080db6\">\n\t\t\t\t<h4 class=\"panel-title\">\n\t\t\t\t\t<a role=\"button\" data-toggle=\"collapse\" href=\"#Cuntotiempoduralainfluenza6a0323b080db6-panel\" class=\"collapsed primary-hover\" aria-expanded=\"false\" aria-controls=\"Cuntotiempoduralainfluenza6a0323b080db6\" data-parent=\"#acc_6a0323b080c88\" style=\"border-color:#f2f2f2;\">\n\t\t\t\t\t  \t\n\t\t\t\t\t  \t\u00bfCu\u00e1nto tiempo dura la influenza?\t\t\t\t\t<\/a>\n\t\t\t\t<\/h4>\n\n\t\t\t<\/div>\n\t\t\t<div class=\"panel-collapse collapse \" id=\"Cuntotiempoduralainfluenza6a0323b080db6-panel\" aria-expanded=\"false\" role=\"tabpanel\" aria-labelledby=\"Cuntotiempoduralainfluenza6a0323b080db6\">\n\t\t\t\t<div class=\"panel-body\" style=\"border-color:#f2f2f2;\">\n\t\t\t\t\t<p>Seg\u00fan los Centros Para el Control y la Prevenci\u00f3n de Enfermedades de los EE.UU. (CDC por sus siglas en ingl\u00e9s), los adultos t\u00edpicamente desarrollan s\u00edntomas de influenza entre uno y cuatro d\u00edas despu\u00e9s de ser infectados con el virus de la influenza. La mayor\u00eda de las personas se sienten mejor alrededor de tres a siete d\u00edas despu\u00e9s, aunque algunos s\u00edntomas tales como la tos y la fatiga pueden persistir por dos semanas o m\u00e1s. En general, el tiempo de recuperaci\u00f3n para la mayor\u00eda de las personas es desde varios d\u00edas hasta dos semanas.<\/p>\n<p>&nbsp;<\/p>\n<p><a class=\"btn btn-md btn-flat \" href=\"#\"><span style=\"vertical-align: inherit\"><span style=\"vertical-align: inherit\">influenza<\/span><\/span><\/a><\/p>\n\t\t\t\t<\/div>\n\t\t\t<\/div>\n\t\t<\/div>\n\t\t\t\t\t\t\n\t\t\t\n\t\t<div class=\"panel panel-default\" style=\"border-color:#f2f2f2; background:rgba(255,255,255,1)\">\n\t\t\t<div class=\"panel-heading\" role=\"tab\" id=\"Cmocombatirelhipo6a0323b080e1c\">\n\t\t\t\t<h4 class=\"panel-title\">\n\t\t\t\t\t<a role=\"button\" data-toggle=\"collapse\" href=\"#Cmocombatirelhipo6a0323b080e1c-panel\" class=\"collapsed primary-hover\" aria-expanded=\"false\" aria-controls=\"Cmocombatirelhipo6a0323b080e1c\" data-parent=\"#acc_6a0323b080c88\" style=\"border-color:#f2f2f2;\">\n\t\t\t\t\t  \t\n\t\t\t\t\t  \t\u00bfC\u00f3mo combatir el hipo?\t\t\t\t\t<\/a>\n\t\t\t\t<\/h4>\n\n\t\t\t<\/div>\n\t\t\t<div class=\"panel-collapse collapse \" id=\"Cmocombatirelhipo6a0323b080e1c-panel\" aria-expanded=\"false\" role=\"tabpanel\" aria-labelledby=\"Cmocombatirelhipo6a0323b080e1c\">\n\t\t\t\t<div class=\"panel-body\" style=\"border-color:#f2f2f2;\">\n\t\t\t\t\t<p>En alg\u00fan momento dado, a todo el mundo le da hipo, lo que ocurre cuando el diafragma comienza a producir espasmos involuntariamente. El diafragma es un m\u00fasculo grande que ayuda con la respiraci\u00f3n. Los espasmos ocurren cuando una persona inhala de repente y sus cuerdas vocales se cierran, lo cual causa es sonido distintivo del \u201chipo\u201d. Las causas comunes son comer demasiado o muy r\u00e1pido, las bebidas carbonatadas y el estar estresado o excitado. El aguantar la respiraci\u00f3n es la manera m\u00e1s conocida para combatir el hipo. S\u00f3lo inhale una gran bocanada de aire y agu\u00e1ntelo por 10 a 20 segundos, luego exhale lentamente. Repita esto como sea necesario. Las respiraciones lentas y medidas por varios minutos tambi\u00e9n pueden ayudar. Si el hipo persiste por horas, ya sea continuo o espor\u00e1dico, busque atenci\u00f3n m\u00e9dica. El hipo normalmente es inofensivo y puede durar desde varios segundos a varios minutos.<\/p>\n<p>&nbsp;<\/p>\n<p><a class=\"btn btn-md btn-flat \" href=\"#\"><span style=\"vertical-align: inherit\"><span style=\"vertical-align: inherit\">hipo<\/span><\/span><\/a><\/p>\n\t\t\t\t<\/div>\n\t\t\t<\/div>\n\t\t<\/div>\n\t\t\t<\/div>\t\n\n\n\n\n<\/div><\/div><\/div><\/div><\/div><\/div><div id=\"pg-1046-2\"  class=\"panel-grid panel-has-style\" ><div class=\"horizontal_right orion-parallax siteorigin-panels-stretch divider-no-animation tablet-default mobile-1-in-row desktop-default custom panel-row-style panel-row-style-for-1046-2\" data-stretch-type=\"full\" ><div id=\"pgc-1046-2-0\"  class=\"panel-grid-cell\" ><div id=\"panel-1046-2-0-0\" class=\"so-panel widget widget_orion_heading_w panel-first-child\" data-index=\"7\" ><div class=\"orion custom default panel-widget-style panel-widget-style-for-1046-2-0-0\" ><div class=\"so-widget-orion_heading_w so-widget-orion_heading_w-base\"> \n\t\t\t<div class=\"row orion-heading\" style=\"margin-bottom:0px;\">\n\t\t<div class=\"col-md-12  separator-style-2 text-center style-h2 style-text-dark\">\n\t\t\t<h2 class=\"text-dark\">\n\t\t\t\tH\u00e1ganos una pregunta\t\t\t<\/h2>\n\t\t<\/div>\n\t<\/div>\n\n\t<\/div><\/div><\/div><div id=\"panel-1046-2-0-1\" class=\"so-panel widget widget_sow-editor\" data-index=\"8\" ><div class=\"orion custom default panel-widget-style panel-widget-style-for-1046-2-0-1\" ><div class=\"so-widget-sow-editor so-widget-sow-editor-base\">\n<div class=\"siteorigin-widget-tinymce textwidget\">\n\t<p class=\"lead\" style=\"text-align: center;\">Nos complace responder cualquier pregunta relacionada con la salud<\/p>\n<\/div>\n<\/div><\/div><\/div><div id=\"panel-1046-2-0-2\" class=\"so-panel widget widget_orion_cf7_w panel-last-child\" data-index=\"9\" ><div class=\"orion default panel-widget-style panel-widget-style-for-1046-2-0-2\" ><div class=\"so-widget-orion_cf7_w so-widget-orion_cf7_w-base\"><div role=\"form\" class=\"wpcf7\" id=\"wpcf7-f648-o1\" lang=\"en-US\" dir=\"ltr\">\n<div class=\"screen-reader-response\"><p role=\"status\" aria-live=\"polite\" aria-atomic=\"true\"><\/p> <ul><\/ul><\/div>\n<form action=\"\/index.php\/wp-json\/wp\/v2\/pages\/1046#wpcf7-f648-o1\" method=\"post\" class=\"wpcf7-form init\" novalidate=\"novalidate\" data-status=\"init\">\n<div style=\"display: none;\">\n<input type=\"hidden\" name=\"_wpcf7\" value=\"648\" \/>\n<input type=\"hidden\" name=\"_wpcf7_version\" value=\"5.4.2\" \/>\n<input type=\"hidden\" name=\"_wpcf7_locale\" value=\"en_US\" \/>\n<input type=\"hidden\" name=\"_wpcf7_unit_tag\" value=\"wpcf7-f648-o1\" \/>\n<input type=\"hidden\" name=\"_wpcf7_container_post\" value=\"0\" \/>\n<input type=\"hidden\" name=\"_wpcf7_posted_data_hash\" value=\"\" \/>\n<\/div>\n<div class=\"cf7-form row\">\n<div class=\"col-md-12\"><span class=\"wpcf7-form-control-wrap textarea-notes\"><textarea name=\"textarea-notes\" cols=\"40\" rows=\"10\" class=\"wpcf7-form-control wpcf7-textarea\" aria-invalid=\"false\" placeholder=\"Your Question\"><\/textarea><\/span><\/div>\n<div class=\"col-md-4 name\"><span class=\"wpcf7-form-control-wrap text-name\"><input type=\"text\" name=\"text-name\" value=\"\" size=\"40\" class=\"wpcf7-form-control wpcf7-text wpcf7-validates-as-required\" aria-required=\"true\" aria-invalid=\"false\" placeholder=\"Your Name\" \/><\/span><\/div>\n<div class=\"col-md-4 email\"><span class=\"wpcf7-form-control-wrap email-777\"><input type=\"email\" name=\"email-777\" value=\"\" size=\"40\" class=\"wpcf7-form-control wpcf7-text wpcf7-email wpcf7-validates-as-required wpcf7-validates-as-email\" aria-required=\"true\" aria-invalid=\"false\" placeholder=\"E-mail\" \/><\/span><\/div>\n<div class=\"col-md-4 text-left\"><input type=\"submit\" value=\"Send your question\" class=\"wpcf7-form-control wpcf7-submit btn btn-c1 btn-lg btn-block\" \/><\/div>\n<\/div>\n<div class=\"wpcf7-response-output\" aria-hidden=\"true\"><\/div><\/form><\/div><\/div><\/div><\/div><\/div><\/div><\/div><\/div>","protected":false},"excerpt":{"rendered":"<p>Puede sacar una cita desde esta p\u00e1gina, registrando sus datos necesarios o por medio de una llamada telef\u00f3nica al siguiente n\u00famero (55) 5582 9996 El precio de la consulta depende de cada medico, pero cada uno de los precios son accesibles. Para obtener informaci\u00f3n acerca de los seguros o servicios que se prestan comunicarse al<\/p>\n","protected":false},"author":1,"featured_media":0,"parent":0,"menu_order":0,"comment_status":"closed","ping_status":"closed","template":"","meta":{"footnotes":""},"class_list":["post-1046","page","type-page","status-publish","hentry"],"_links":{"self":[{"href":"https:\/\/sanatoriolosreyes.mx\/index.php\/wp-json\/wp\/v2\/pages\/1046","targetHints":{"allow":["GET"]}}],"collection":[{"href":"https:\/\/sanatoriolosreyes.mx\/index.php\/wp-json\/wp\/v2\/pages"}],"about":[{"href":"https:\/\/sanatoriolosreyes.mx\/index.php\/wp-json\/wp\/v2\/types\/page"}],"author":[{"embeddable":true,"href":"https:\/\/sanatoriolosreyes.mx\/index.php\/wp-json\/wp\/v2\/users\/1"}],"replies":[{"embeddable":true,"href":"https:\/\/sanatoriolosreyes.mx\/index.php\/wp-json\/wp\/v2\/comments?post=1046"}],"version-history":[{"count":6,"href":"https:\/\/sanatoriolosreyes.mx\/index.php\/wp-json\/wp\/v2\/pages\/1046\/revisions"}],"predecessor-version":[{"id":3815,"href":"https:\/\/sanatoriolosreyes.mx\/index.php\/wp-json\/wp\/v2\/pages\/1046\/revisions\/3815"}],"wp:attachment":[{"href":"https:\/\/sanatoriolosreyes.mx\/index.php\/wp-json\/wp\/v2\/media?parent=1046"}],"curies":[{"name":"wp","href":"https:\/\/api.w.org\/{rel}","templated":true}]}}